{"id":199,"date":"2018-05-29T09:36:52","date_gmt":"2018-05-29T07:36:52","guid":{"rendered":"http:\/\/rnbtheme.com\/multi\/home\/?page_id=199"},"modified":"2026-02-16T12:08:22","modified_gmt":"2026-02-16T11:08:22","slug":"home","status":"publish","type":"page","link":"https:\/\/doderer.at\/en\/","title":{"rendered":"home"},"content":{"rendered":"<div class=\"wpb-content-wrapper\"><div  class=\"vc_row vc-row-wrapper full_width_content dfd-fade-on-scroll vc-row-responsive-69da2911a65ea\" data-parallax_sense=\"30\"><div class=\"wpb_row row\" >\n\t<div class=\"twelve columns vc-column-extra-class-69da2911a6ef7\" data-parallax_sense=\"30\">\n\t\t<div class=\"wpb_wrapper\">\n\t\t\t\n\t\t\t<!-- START start_25 layer REVOLUTION SLIDER 6.1.0 --><p class=\"rs-p-wp-fix\"><\/p>\n\t\t\t<rs-module-wrap id=\"rev_slider_37_1_wrapper\" data-source=\"gallery\" style=\"background:transparent;padding:0;margin:0px auto;margin-top:0;margin-bottom:0;\">\n\t\t\t\t<rs-module id=\"rev_slider_37_1\" style=\"display:none;\" data-version=\"6.1.0\">\n\t\t\t\t\t<rs-slides>\n\t\t\t\t\t\t<rs-slide data-key=\"rs-37\" data-title=\"Slide\" data-anim=\"ei:d;eo:d;s:1000;r:0;t:fade;sl:0;\">\n\t\t\t\t\t\t\t<img decoding=\"async\" src=\"\/\/doderer.at\/wp-content\/plugins\/revslider\/public\/assets\/assets\/transparent.png\" title=\"home\" class=\"rev-slidebg\" data-no-retina>\n<!--\n\t\t\t\t\t\t\t--><rs-layer\n\t\t\t\t\t\t\t\tid=\"slider-37-slide-37-layer-5\" \n\t\t\t\t\t\t\t\tdata-type=\"image\"\n\t\t\t\t\t\t\t\tdata-rsp_ch=\"on\"\n\t\t\t\t\t\t\t\tdata-xy=\"x:c;xo:0,0,0,204px;y:m;yo:0,0,0,-82px;\"\n\t\t\t\t\t\t\t\tdata-text=\"w:normal;s:20,20,7,4;l:0,0,9,6;\"\n\t\t\t\t\t\t\t\tdata-dim=\"w:100%,100%,100%,1920px;h:auto,auto,auto,950px;\"\n\t\t\t\t\t\t\t\tdata-basealign=\"slide\"\n\t\t\t\t\t\t\t\tdata-frame_1=\"e:Power0.easeIn;st:990;sp:1400;sR:990;\"\n\t\t\t\t\t\t\t\tdata-frame_999=\"o:0;st:w;sR:6810;\"\n\t\t\t\t\t\t\t\tstyle=\"z-index:9;font-family:Roboto;\"\n\t\t\t\t\t\t\t><img loading=\"lazy\" decoding=\"async\" src=\"\/\/doderer.at\/wp-content\/uploads\/2025\/01\/start-1.jpg\" width=\"1920\" height=\"950\" data-no-retina> \n\t\t\t\t\t\t\t<\/rs-layer><!--\n\n\t\t\t\t\t\t\t--><rs-layer\n\t\t\t\t\t\t\t\tid=\"slider-37-slide-37-layer-12\" \n\t\t\t\t\t\t\t\tdata-type=\"image\"\n\t\t\t\t\t\t\t\tdata-rsp_ch=\"on\"\n\t\t\t\t\t\t\t\tdata-xy=\"x:c;xo:0,0,0,204px;y:m;yo:0,0,0,-82px;\"\n\t\t\t\t\t\t\t\tdata-text=\"w:normal;s:20,20,7,4;l:0,0,9,6;\"\n\t\t\t\t\t\t\t\tdata-dim=\"w:100%,100%,100%,1920px;h:auto,auto,auto,950px;\"\n\t\t\t\t\t\t\t\tdata-basealign=\"slide\"\n\t\t\t\t\t\t\t\tdata-frame_1=\"sp:1000;\"\n\t\t\t\t\t\t\t\tdata-frame_999=\"o:0;st:w;sR:8000;\"\n\t\t\t\t\t\t\t\tstyle=\"z-index:8;font-family:Roboto;\"\n\t\t\t\t\t\t\t><img loading=\"lazy\" decoding=\"async\" src=\"\/\/doderer.at\/wp-content\/uploads\/2025\/01\/start1.jpg\" width=\"1920\" height=\"950\" data-no-retina> \n\t\t\t\t\t\t\t<\/rs-layer><!--\n\n\t\t\t\t\t\t\t--><a\n\t\t\t\t\t\t\t\tid=\"slider-37-slide-37-layer-13\" \n\t\t\t\t\t\t\t\tclass=\"rs-layer\"\n\t\t\t\t\t\t\t\thref=\"https:\/\/doderer.at\/en\/events\/\" target=\"_self\" rel=\"nofollow\"\n\t\t\t\t\t\t\t\tdata-type=\"text\"\n\t\t\t\t\t\t\t\tdata-rsp_ch=\"on\"\n\t\t\t\t\t\t\t\tdata-xy=\"xo:1340px,1340px,542px,334px;yo:305px,305px,123px,75px;\"\n\t\t\t\t\t\t\t\tdata-text=\"w:normal;s:80,80,31,19;l:80,80,31,19;\"\n\t\t\t\t\t\t\t\tdata-vbility=\"t,t,t,f\"\n\t\t\t\t\t\t\t\tdata-frame_1=\"e:Power3.easeIn;st:1750;sp:1200;sR:1750;\"\n\t\t\t\t\t\t\t\tdata-frame_999=\"o:0;st:w;sR:6050;\"\n\t\t\t\t\t\t\t\tstyle=\"z-index:13;font-family:tabard;\"\n\t\t\t\t\t\t\t>Events \n\t\t\t\t\t\t\t<\/a><!--\n\n\t\t\t\t\t\t\t--><a\n\t\t\t\t\t\t\t\tid=\"slider-37-slide-37-layer-14\" \n\t\t\t\t\t\t\t\tclass=\"rs-layer\"\n\t\t\t\t\t\t\t\thref=\"https:\/\/doderer.at\/en\/bio\/\" target=\"_self\" rel=\"nofollow\"\n\t\t\t\t\t\t\t\tdata-type=\"text\"\n\t\t\t\t\t\t\t\tdata-rsp_ch=\"on\"\n\t\t\t\t\t\t\t\tdata-xy=\"xo:1340px,1340px,542px,334px;yo:405px,405px,164px,101px;\"\n\t\t\t\t\t\t\t\tdata-text=\"w:normal;s:80,80,31,19;l:80,80,31,19;\"\n\t\t\t\t\t\t\t\tdata-vbility=\"t,t,t,f\"\n\t\t\t\t\t\t\t\tdata-frame_1=\"e:Power3.easeIn;st:2750;sp:1200;sR:2750;\"\n\t\t\t\t\t\t\t\tdata-frame_999=\"o:0;st:w;sR:5050;\"\n\t\t\t\t\t\t\t\tstyle=\"z-index:12;font-family:tabard;\"\n\t\t\t\t\t\t\t>Biography \n\t\t\t\t\t\t\t<\/a><!--\n\n\t\t\t\t\t\t\t--><a\n\t\t\t\t\t\t\t\tid=\"slider-37-slide-37-layer-15\" \n\t\t\t\t\t\t\t\tclass=\"rs-layer\"\n\t\t\t\t\t\t\t\thref=\"https:\/\/doderer.at\/en\/werke\/\" target=\"_self\" rel=\"nofollow\"\n\t\t\t\t\t\t\t\tdata-type=\"text\"\n\t\t\t\t\t\t\t\tdata-rsp_ch=\"on\"\n\t\t\t\t\t\t\t\tdata-xy=\"xo:1340px,1340px,542px,334px;yo:505px,505px,204px,125px;\"\n\t\t\t\t\t\t\t\tdata-text=\"w:normal;s:80,80,31,19;l:80,80,31,19;\"\n\t\t\t\t\t\t\t\tdata-vbility=\"t,t,t,f\"\n\t\t\t\t\t\t\t\tdata-frame_1=\"e:Power3.easeIn;st:3740;sp:1200;sR:3740;\"\n\t\t\t\t\t\t\t\tdata-frame_999=\"o:0;st:w;sR:4060;\"\n\t\t\t\t\t\t\t\tstyle=\"z-index:11;font-family:tabard;\"\n\t\t\t\t\t\t\t>Works \n\t\t\t\t\t\t\t<\/a><!--\n\n\t\t\t\t\t\t\t--><a\n\t\t\t\t\t\t\t\tid=\"slider-37-slide-37-layer-16\" \n\t\t\t\t\t\t\t\tclass=\"rs-layer\"\n\t\t\t\t\t\t\t\thref=\"https:\/\/doderer.at\/en\/disco-2\/\" target=\"_self\" rel=\"nofollow\"\n\t\t\t\t\t\t\t\tdata-type=\"text\"\n\t\t\t\t\t\t\t\tdata-rsp_ch=\"on\"\n\t\t\t\t\t\t\t\tdata-xy=\"xo:1340px,1340px,542px,334px;yo:605px,605px,244px,150px;\"\n\t\t\t\t\t\t\t\tdata-text=\"w:normal;s:80,80,31,19;l:80,80,31,19;\"\n\t\t\t\t\t\t\t\tdata-vbility=\"t,t,t,f\"\n\t\t\t\t\t\t\t\tdata-frame_1=\"e:Power3.easeIn;st:4730;sp:1200;sR:4730;\"\n\t\t\t\t\t\t\t\tdata-frame_999=\"o:0;st:w;sR:3070;\"\n\t\t\t\t\t\t\t\tstyle=\"z-index:10;font-family:tabard;\"\n\t\t\t\t\t\t\t>Discography \n\t\t\t\t\t\t\t<\/a><!--\n-->\t\t\t\t\t\t<\/rs-slide>\n\t\t\t\t\t<\/rs-slides>\n\t\t\t\t\t<rs-progress class=\"rs-bottom\" style=\"visibility: hidden !important;\"><\/rs-progress>\n\t\t\t\t<\/rs-module>\n\t\t\t\t<script type=\"text\/javascript\">\n\t\t\t\t\tsetREVStartSize({c: 'rev_slider_37_1',rl:[1240,1240,768,480],el:[950,950,960,720],gw:[1920,1920,778,480],gh:[950,950,960,720],layout:'fullwidth',mh:\"0\"});\n\t\t\t\t\tvar\trevapi37,\n\t\t\t\t\t\ttpj;\n\t\t\t\t\tjQuery(function() {\n\t\t\t\t\t\ttpj = jQuery;\n\t\t\t\t\t\tif(tpj(\"#rev_slider_37_1\").revolution == undefined){\n\t\t\t\t\t\t\trevslider_showDoubleJqueryError(\"#rev_slider_37_1\");\n\t\t\t\t\t\t}else{\n\t\t\t\t\t\t\trevapi37 = tpj(\"#rev_slider_37_1\").show().revolution({\n\t\t\t\t\t\t\t\tsliderType:\"hero\",\n\t\t\t\t\t\t\t\tjsFileLocation:\"\/\/doderer.at\/wp-content\/plugins\/revslider\/public\/assets\/js\/\",\n\t\t\t\t\t\t\t\tvisibilityLevels:\"1240,1240,768,480\",\n\t\t\t\t\t\t\t\tgridwidth:\"1920,1920,778,480\",\n\t\t\t\t\t\t\t\tgridheight:\"950,950,960,720\",\n\t\t\t\t\t\t\t\tminHeight:\"\",\n\t\t\t\t\t\t\t\tspinner:\"spinner0\",\n\t\t\t\t\t\t\t\teditorheight:\"950,768,960,720\",\n\t\t\t\t\t\t\t\tresponsiveLevels:\"1240,1240,768,480\",\n\t\t\t\t\t\t\t\tdisableProgressBar:\"on\",\n\t\t\t\t\t\t\t\tnavigation: {\n\t\t\t\t\t\t\t\t\tonHoverStop:false\n\t\t\t\t\t\t\t\t},\n\t\t\t\t\t\t\t\tfallbacks: {\n\t\t\t\t\t\t\t\t\tallowHTML5AutoPlayOnAndroid:true\n\t\t\t\t\t\t\t\t},\n\t\t\t\t\t\t\t});\n\t\t\t\t\t\t}\n\t\t\t\t\t\t\n\t\t\t\t\t});\n\t\t\t\t<\/script>\n\t\t\t<\/rs-module-wrap>\n\t\t\t<!-- END REVOLUTION SLIDER -->\n\n\t\t<\/div> \n\t<\/div> \n<\/div><script type=\"text\/javascript\">(function($) {$(\"head\").append(\"<style>@media (max-width: 799px){.vc-row-wrapper.vc-row-responsive-69da2911a65ea{padding-top: 0px !important;padding-bottom: 0px !important;}}<\/style>\");})(jQuery);<\/script><\/div><div  class=\"vc_row vc-row-wrapper dfd-background-dark vc-row-responsive-69da2911ad088 vc_custom_1771238168547\" data-parallax_sense=\"30\"><div class=\"wpb_row row\" >\n\t<div class=\"three columns vc-column-extra-class-69da2911ad31a\" data-parallax_sense=\"30\">\n\t\t<div class=\"wpb_wrapper\">\n\t\t\t\n\t<div class=\"wpb_raw_code wpb_content_element wpb_raw_html\" >\n\t\t<div class=\"wpb_wrapper\">\n\t\t\t<video width=\"100%\" autoplay loop playsinline controls>\n  <source src=\"https:\/\/www.doderer.at\/videos\/tollstertag2.mp4\">\n<\/video>\n\t\t<\/div>\n\t<\/div>\n\n\t<div class=\"wpb_text_column wpb_content_element  vc_custom_1771240091996\" >\n\t\t<div class=\"wpb_wrapper\">\n\t\t\t<p>Opernpremiere<br \/>\n\u201eDer tollste Tag\u201c<br \/>\n10. Oktober 2025, Staatstheater am G\u00e4rtnerplatz M\u00fcnchen<\/p>\n<p>\u201e\u2026In Ensembles und Arien kann Doderer dann gut f\u00fcr Stimmen schreiben und setzt deren Qualit\u00e4ten mit einer cremig sch\u00f6nen Instrumentation ins beste Licht. An F\u00e4higkeit f\u00fcr Timing und kreative Eloquenz \u00fcbertrifft sie die meisten Kolleginnen und Kollegen aus dem experimentell-performativen Lager\u201c (DIE deutsche B\u00dcHNE)<\/p>\n<p><a href=\"https:\/\/www.gaertnerplatztheater.de\/de\/produktionen\/der-tollste-tag.html?ID_Vorstellung=4959&amp;m=489\" target=\"_blank\" rel=\"noopener\">&gt;&gt; lesen Sie mehr<\/a><\/p>\n\n\t\t<\/div> \n\t<\/div> \n\t\t<\/div> <script type=\"text\/javascript\">(function($) {$(\"head\").append(\"<style>@media (max-width: 799px){.columns.vc-column-extra-class-69da2911ad31a{padding-top: 50px !important;}}<\/style>\");})(jQuery);<\/script>\n\t<\/div> \n\n\t<div class=\"three columns vc-column-extra-class-69da2911add07\" data-parallax_sense=\"30\">\n\t\t<div class=\"wpb_wrapper\">\n\t\t\t\r\n\t<div class=\"wpb_single_image wpb_content_element vc_align_center\" >\r\n\t\t<div class=\"wpb_wrapper\">\r\n\t\t\t\r\n\t\t\t\r\n\t\t<figure class=\"vc_figure\">\r\n\t\t\t<div class=\"vc_single_image-wrapper   vc_box_border_grey\" ><img loading=\"lazy\" decoding=\"async\" width=\"1422\" height=\"800\" src=\"https:\/\/doderer.at\/wp-content\/uploads\/2025\/01\/WFW_Sujets_Produktionsunterseiten_16x9-Sancta.jpg\" class=\"vc_single_image-img attachment-full\" alt=\"\" title=\"WFW_Sujets_Produktionsunterseiten_16x9-Sancta\" srcset=\"https:\/\/doderer.at\/wp-content\/uploads\/2025\/01\/WFW_Sujets_Produktionsunterseiten_16x9-Sancta.jpg 1422w, https:\/\/doderer.at\/wp-content\/uploads\/2025\/01\/WFW_Sujets_Produktionsunterseiten_16x9-Sancta-300x169.jpg 300w, https:\/\/doderer.at\/wp-content\/uploads\/2025\/01\/WFW_Sujets_Produktionsunterseiten_16x9-Sancta-1024x576.jpg 1024w, https:\/\/doderer.at\/wp-content\/uploads\/2025\/01\/WFW_Sujets_Produktionsunterseiten_16x9-Sancta-768x432.jpg 768w, https:\/\/doderer.at\/wp-content\/uploads\/2025\/01\/WFW_Sujets_Produktionsunterseiten_16x9-Sancta-18x10.jpg 18w\" sizes=\"auto, (max-width: 1422px) 100vw, 1422px\" \/><\/div>\r\n\t\t\t<figcaption class=\"vc_figure-caption\">\u00a9 Mayra Wallraff<\/figcaption>\r\n\t\t<\/figure>\r\n\t\r\n\t\t\t\r\n\t\t<\/div>\r\n\t<\/div>\r\n\n\t<div class=\"wpb_text_column wpb_content_element  vc_custom_1771240099576\" >\n\t\t<div class=\"wpb_wrapper\">\n\t\t\t<p>Jahresbestenliste 2025 von Theater heute<br \/>\nZur &#8222;Inszenierung des Jahres&#8220; wurde die Musiktheaterproduktion &#8222;SANCTA&#8220; von Florentina Holzinger gek\u00fcrt!<\/p>\n<p>Musik von Hindemith, Johanna Doderer u.a.<br \/>\n(Jahresbestenliste 2025 von Theater heute)<\/p>\n<p><a href=\"https:\/\/nachtkritik.de\/meldungen\/jahresbestenliste-2025-von-theater-heute?fbclid=IwY2xjawMdHwtleHRuA2FlbQIxMQBicmlkETF5SEcyeGp2dHNKZkw3WG52AR5GmTLQ56PN0B4a8y8znwN6q2sV-_eWJXZ_0Sgn38aOTMqZpP718kL_HI6Log_aem_VUvbCkyERXJU9SprSpRtOg\" target=\"_blank\" rel=\"noopener\">&gt;&gt; lesen Sie mehr<\/a><\/p>\n\n\t\t<\/div> \n\t<\/div> \n\t\t<\/div> <script type=\"text\/javascript\">(function($) {$(\"head\").append(\"<style>@media (max-width: 799px){.columns.vc-column-extra-class-69da2911add07{padding-top: 50px !important;}}<\/style>\");})(jQuery);<\/script>\n\t<\/div> \n\n\t<div class=\"three columns vc-column-extra-class-69da2911aeade\" data-parallax_sense=\"30\">\n\t\t<div class=\"wpb_wrapper\">\n\t\t\t\r\n\t<div class=\"wpb_single_image wpb_content_element vc_align_center\" >\r\n\t\t<div class=\"wpb_wrapper\">\r\n\t\t\t\r\n\t\t\t<div class=\"vc_single_image-wrapper   vc_box_border_grey\" ><a href=\"https:\/\/doderer.at\/downloads\/Project-One-Wave-Summit.pdf\" target=\"_blank\"><img loading=\"lazy\" decoding=\"async\" width=\"500\" height=\"313\" src=\"https:\/\/doderer.at\/wp-content\/uploads\/2026\/02\/ganymed-areal-.jpg\" class=\"vc_single_image-img attachment-full\" alt=\"\" title=\"ganymed-areal-\" srcset=\"https:\/\/doderer.at\/wp-content\/uploads\/2026\/02\/ganymed-areal-.jpg 500w, https:\/\/doderer.at\/wp-content\/uploads\/2026\/02\/ganymed-areal--300x188.jpg 300w, https:\/\/doderer.at\/wp-content\/uploads\/2026\/02\/ganymed-areal--18x12.jpg 18w\" sizes=\"auto, (max-width: 500px) 100vw, 500px\" \/><\/a><\/div>\r\n\t\t\t\r\n\t\t<\/div>\r\n\t<\/div>\r\n\n\t<div class=\"wpb_text_column wpb_content_element  vc_custom_1771238987583\" >\n\t\t<div class=\"wpb_wrapper\">\n\t\t\t<p>ab 25. April 2026<br \/>\nOtto Wagner Areal | Wien<\/p>\n<p>GANYMED AREAL<br \/>\nNeues Werk f\u00fcr Vokalensemble<\/p>\n<p>Eine neue Inszenierung von Jacqueline Kornm\u00fcller<\/p>\n<p><a href=\"https:\/\/www.wennessoweitist.com\/produktionen\/ganymed-areal\/\" target=\"_blank\" rel=\"noopener\">&gt;&gt; lesen Sie mehr<\/a><\/p>\n\n\t\t<\/div> \n\t<\/div> \n\t\t<\/div> <script type=\"text\/javascript\">(function($) {$(\"head\").append(\"<style>@media (max-width: 799px){.columns.vc-column-extra-class-69da2911aeade{padding-top: 50px !important;}}<\/style>\");})(jQuery);<\/script>\n\t<\/div> \n\n\t<div class=\"three columns vc-column-extra-class-69da2911af227\" data-parallax_sense=\"30\">\n\t\t<div class=\"wpb_wrapper\">\n\t\t\t\r\n\t<div class=\"wpb_single_image wpb_content_element vc_align_center\" >\r\n\t\t<div class=\"wpb_wrapper\">\r\n\t\t\t\r\n\t\t\t<div class=\"vc_single_image-wrapper   vc_box_border_grey\" ><img loading=\"lazy\" decoding=\"async\" width=\"600\" height=\"426\" src=\"https:\/\/doderer.at\/wp-content\/uploads\/2026\/02\/A6Flyer.jpg\" class=\"vc_single_image-img attachment-full\" alt=\"\" title=\"A6Flyer\" srcset=\"https:\/\/doderer.at\/wp-content\/uploads\/2026\/02\/A6Flyer.jpg 600w, https:\/\/doderer.at\/wp-content\/uploads\/2026\/02\/A6Flyer-300x213.jpg 300w, https:\/\/doderer.at\/wp-content\/uploads\/2026\/02\/A6Flyer-18x12.jpg 18w\" sizes=\"auto, (max-width: 600px) 100vw, 600px\" \/><\/div>\r\n\t\t\t\r\n\t\t<\/div>\r\n\t<\/div>\r\n\n\t<div class=\"wpb_text_column wpb_content_element  vc_custom_1771239009137\" >\n\t\t<div class=\"wpb_wrapper\">\n\t\t\t<p>17., 18. und 19. Juli 2026<br \/>\nViertelfestival 2026<\/p>\n<p>Wo ist die Schmida?<br \/>\nMusik, Geschichten und Bilder an der Schmida<\/p>\n<p><a href=\"https:\/\/cirquedeau.doderer.at\/schmida\" target=\"_blank\" rel=\"noopener\">&gt;&gt; Lesen Sie mehr<\/a><\/p>\n\n\t\t<\/div> \n\t<\/div> \n\t\t<\/div> <script type=\"text\/javascript\">(function($) {$(\"head\").append(\"<style>@media (max-width: 799px){.columns.vc-column-extra-class-69da2911af227{padding-top: 50px !important;}}<\/style>\");})(jQuery);<\/script>\n\t<\/div> \n<\/div><div class=\"dfd-row-bg-wrap dfd-row-bg-anim-colors\" id=\"DfdAnimatedBG69da2911af9b5\"><\/div><script type=\"text\/javascript\">\r\n\t\t\t\t\t(function($) {\r\n\t\t\t\t\t\t$(\"head\").append(\"<style>#DfdAnimatedBG69da2911af9b5{background: #141414;-webkit-animation: DfdAnimatedBG69da2911af9b5 3s linear infinite;-moz-animation: DfdAnimatedBG69da2911af9b5 3s linear infinite;-ms-animation: DfdAnimatedBG69da2911af9b5 3s linear infinite;-o-animation: DfdAnimatedBG69da2911af9b5 3s linear infinite;animation: DfdAnimatedBG69da2911af9b5 3s linear infinite;}@-webkit-keyframes DfdAnimatedBG69da2911af9b5 {0% { background: #141414}}@-moz-keyframes DfdAnimatedBG69da2911af9b5 {0% { background: #141414}}@-ms-keyframes DfdAnimatedBG69da2911af9b5 {0% { background: #141414}}@-o-keyframes DfdAnimatedBG69da2911af9b5 {0% { background: #141414}}@keyframes DfdAnimatedBG69da2911af9b5 {0% { background: #141414}}<\/style>\");\r\n\t\t\t\t\t})(jQuery);\r\n\t\t\t\t<\/script><div class=\"dfd-row-bg-overlay\" style=\"opacity: 0.8;\"><\/div><script type=\"text\/javascript\">(function($) {$(\"head\").append(\"<style>#DfdAnimatedBG69da2911af9b5{background: #141414;-webkit-animation: DfdAnimatedBG69da2911af9b5 3s linear infinite;-moz-animation: DfdAnimatedBG69da2911af9b5 3s linear infinite;-ms-animation: DfdAnimatedBG69da2911af9b5 3s linear infinite;-o-animation: DfdAnimatedBG69da2911af9b5 3s linear infinite;animation: DfdAnimatedBG69da2911af9b5 3s linear infinite;}@-webkit-keyframes DfdAnimatedBG69da2911af9b5 {0% { background: #141414}}@-moz-keyframes DfdAnimatedBG69da2911af9b5 {0% { background: #141414}}@-ms-keyframes DfdAnimatedBG69da2911af9b5 {0% { background: #141414}}@-o-keyframes DfdAnimatedBG69da2911af9b5 {0% { background: #141414}}@keyframes DfdAnimatedBG69da2911af9b5 {0% { background: #141414}}@media (max-width: 799px){.vc-row-wrapper.vc-row-responsive-69da2911ad088{padding-top: 30px !important;}}<\/style>\");})(jQuery);<\/script><\/div><div id=\"kontakt\" class=\"vc_row vc-row-wrapper dfd-background-dark vc_custom_1736683679567\" data-parallax_sense=\"30\" data-anchor=\"section-kontakt\"><div class=\"wpb_row row\" >\n\t<div class=\"four columns vc-column-extra-class-69da2911b0265\" data-parallax_sense=\"30\">\n\t\t<div class=\"wpb_wrapper\">\n\t\t\t\n\t\t<\/div> \n\t<\/div> \n\n\t<div class=\"four columns vc-column-extra-class-69da2911b03e3\" data-parallax_sense=\"30\">\n\t\t<div class=\"wpb_wrapper\">\n\t\t\t\n\t<div class=\"wpb_text_column wpb_content_element  vc_custom_1698861382231\" >\n\t\t<div class=\"wpb_wrapper\">\n\t\t\t<p>Do you have any messages? Please use the contact form. Fields marked with * are required.<\/p>\n\n\t\t<\/div> \n\t<\/div> \n\t<div class=\"wpb_text_column wpb_content_element\" >\n\t\t<div class=\"wpb_wrapper\">\n\t\t\t<div class=\"wpforms-container wpforms-container-full wpforms-render-modern\" id=\"wpforms-4920\"><form id=\"wpforms-form-4920\" class=\"wpforms-validate wpforms-form wpforms-ajax-form\" data-formid=\"4920\" method=\"post\" enctype=\"multipart\/form-data\" action=\"\/en\/wp-json\/wp\/v2\/pages\/199\" data-token=\"04ed45e1d7028cb760117b65cb0430d4\" data-token-time=\"1775905041\" data-trp-original-action=\"\/en\/wp-json\/wp\/v2\/pages\/199\"><noscript class=\"wpforms-error-noscript\">Please enable JavaScript in your browser to complete this form.<\/noscript><div class=\"wpforms-hidden\" id=\"wpforms-error-noscript\">Please enable JavaScript in your browser to complete this form.<\/div><div class=\"wpforms-field-container\"><div id=\"wpforms-4920-field_0-container\" class=\"wpforms-field wpforms-field-name\" data-field-id=\"0\"><fieldset><legend class=\"wpforms-field-label\">Name <span class=\"wpforms-required-label\" aria-hidden=\"true\">*<\/span><\/legend><div class=\"wpforms-field-row wpforms-field-medium\"><div class=\"wpforms-field-row-block wpforms-first wpforms-one-half\"><input type=\"text\" id=\"wpforms-4920-field_0\" class=\"wpforms-field-name-first wpforms-field-required\" name=\"wpforms[fields][0][first]\" aria-errormessage=\"wpforms-4920-field_0-error\" required><label for=\"wpforms-4920-field_0\" class=\"wpforms-field-sublabel after\">First<\/label><\/div><div class=\"wpforms-field-row-block wpforms-one-half\"><input type=\"text\" id=\"wpforms-4920-field_0-last\" class=\"wpforms-field-name-last wpforms-field-required\" name=\"wpforms[fields][0][last]\" aria-errormessage=\"wpforms-4920-field_0-last-error\" required><label for=\"wpforms-4920-field_0-last\" class=\"wpforms-field-sublabel after\">Last<\/label><\/div><\/div><\/fieldset><\/div><div id=\"wpforms-4920-field_1-container\" class=\"wpforms-field wpforms-field-email\" data-field-id=\"1\"><fieldset><legend class=\"wpforms-field-label\">Email <span class=\"wpforms-required-label\" aria-hidden=\"true\">*<\/span><\/legend><div class=\"wpforms-field-row wpforms-field-medium\"><div class=\"wpforms-field-row-block wpforms-one-half wpforms-first\"><input type=\"email\" id=\"wpforms-4920-field_1\" class=\"wpforms-field-required wpforms-field-email-primary\" name=\"wpforms[fields][1][primary]\" spellcheck=\"false\" aria-errormessage=\"wpforms-4920-field_1-error\" required><label for=\"wpforms-4920-field_1\" class=\"wpforms-field-sublabel after\">Email<\/label><\/div><div class=\"wpforms-field-row-block wpforms-one-half\"><input type=\"email\" id=\"wpforms-4920-field_1-secondary\" class=\"wpforms-field-email-secondary wpforms-field-required\" data-rule-confirm=\"#wpforms-4920-field_1\" name=\"wpforms[fields][1][secondary]\" spellcheck=\"false\" aria-errormessage=\"wpforms-4920-field_1-secondary-error\" required><label for=\"wpforms-4920-field_1-secondary\" class=\"wpforms-field-sublabel after\">Confirm Email<\/label><\/div><\/div><\/fieldset><\/div><div id=\"wpforms-4920-field_2-container\" class=\"wpforms-field wpforms-field-textarea\" data-field-id=\"2\"><label class=\"wpforms-field-label\" for=\"wpforms-4920-field_2\">Comment or message<\/label><textarea id=\"wpforms-4920-field_2\" class=\"wpforms-field-medium\" name=\"wpforms[fields][2]\" aria-errormessage=\"wpforms-4920-field_2-error\" ><\/textarea><\/div><\/div><!-- .wpforms-field-container --><div class=\"wpforms-recaptcha-container wpforms-is-recaptcha wpforms-is-recaptcha-type-v3\" ><input type=\"hidden\" name=\"wpforms[recaptcha]\" value=\"\"><\/div><div class=\"wpforms-submit-container\" ><input type=\"hidden\" name=\"wpforms[id]\" value=\"4920\"><input type=\"hidden\" name=\"page_title\" value=\"\"><input type=\"hidden\" name=\"page_url\" value=\"https:\/\/doderer.at\/en\/wp-json\/wp\/v2\/pages\/199\"><button type=\"submit\" name=\"wpforms[submit]\" id=\"wpforms-submit-4920\" class=\"wpforms-submit\" data-alt-text=\"Wird gesendet\u00a0\u2026\" data-submit-text=\"Absenden\" aria-live=\"assertive\" value=\"wpforms-submit\">Send<\/button><img loading=\"lazy\" decoding=\"async\" src=\"https:\/\/doderer.at\/wp-content\/plugins\/wpforms-lite\/assets\/images\/submit-spin.svg\" class=\"wpforms-submit-spinner\" style=\"display: none;\" width=\"26\" height=\"26\" alt=\"Loading\"><\/div><input type=\"hidden\" name=\"trp-form-language\" value=\"en\"\/><\/form><\/div>  <!-- .wpforms-container -->\n\n\t\t<\/div> \n\t<\/div> \n\t\t<\/div> \n\t<\/div> \n\n\t<div class=\"four columns vc-column-extra-class-69da2911b1a7f\" data-parallax_sense=\"30\">\n\t\t<div class=\"wpb_wrapper\">\n\t\t\t\n\t\t<\/div> \n\t<\/div> \n<\/div><div class=\"dfd-row-bg-overlay\" style=\"opacity: 0.8;\"><\/div><\/div><div  class=\"vc_row vc-row-wrapper\" data-parallax_sense=\"30\"><div class=\"wpb_row row\" >\n\t<div class=\"twelve columns vc-column-extra-class-69da2911b1f38\" data-parallax_sense=\"30\">\n\t\t<div class=\"wpb_wrapper\">\n\t\t\t<div class=\"dfd-spacer-module\"  data-units=\"px\" data-wide_resolution=\"1280\" data-wide_size=\"50\" data-normal_resolution=\"1024\" data-normal_size=\"\" data-tablet_resolution=\"800\" data-tablet_size=\"\" data-mobile_resolution=\"480\" data-mobile_size=\"30\" style=\"height: 50px;\"><\/div>\n\t\t<\/div> \n\t<\/div> \n<\/div><div class=\"dfd-row-bg-overlay\" style=\"opacity: 0.8;\"><\/div><\/div>\n<\/div>","protected":false},"excerpt":{"rendered":"Events Biographie Werke Discographie Opernpremiere \u201eDer tollste Tag\u201c 10. Oktober 2025, Staatstheater am G\u00e4rtnerplatz M\u00fcnchen \u201e\u2026In Ensembles und Arien kann Doderer dann gut f\u00fcr Stimmen schreiben und setzt deren Qualit\u00e4ten","protected":false},"author":3,"featured_media":0,"parent":0,"menu_order":0,"comment_status":"closed","ping_status":"closed","template":"page-custom.php","meta":{"footnotes":""},"class_list":["post-199","page","type-page","status-publish","hentry"],"_links":{"self":[{"href":"https:\/\/doderer.at\/en\/wp-json\/wp\/v2\/pages\/199","targetHints":{"allow":["GET"]}}],"collection":[{"href":"https:\/\/doderer.at\/en\/wp-json\/wp\/v2\/pages"}],"about":[{"href":"https:\/\/doderer.at\/en\/wp-json\/wp\/v2\/types\/page"}],"author":[{"embeddable":true,"href":"https:\/\/doderer.at\/en\/wp-json\/wp\/v2\/users\/3"}],"replies":[{"embeddable":true,"href":"https:\/\/doderer.at\/en\/wp-json\/wp\/v2\/comments?post=199"}],"version-history":[{"count":81,"href":"https:\/\/doderer.at\/en\/wp-json\/wp\/v2\/pages\/199\/revisions"}],"predecessor-version":[{"id":5715,"href":"https:\/\/doderer.at\/en\/wp-json\/wp\/v2\/pages\/199\/revisions\/5715"}],"wp:attachment":[{"href":"https:\/\/doderer.at\/en\/wp-json\/wp\/v2\/media?parent=199"}],"curies":[{"name":"wp","href":"https:\/\/api.w.org\/{rel}","templated":true}]}}