{"id":2024,"date":"2019-07-24T09:33:26","date_gmt":"2019-07-24T07:33:26","guid":{"rendered":"https:\/\/doderer.at\/en\/?page_id=2024"},"modified":"2025-01-12T11:25:35","modified_gmt":"2025-01-12T10:25:35","slug":"impressum","status":"publish","type":"page","link":"https:\/\/doderer.at\/en\/home\/impressum","title":{"rendered":"Imprint"},"content":{"rendered":"<div class=\"wpb-content-wrapper\"><div  class=\"vc_row vc-row-wrapper full_width_content vc_custom_1736676765682\" data-parallax_sense=\"30\"><div class=\"wpb_row row\" >\n\t<div class=\"twelve columns vc-column-extra-class-69d7cb96dfbea\" data-parallax_sense=\"30\">\n\t\t<div class=\"wpb_wrapper\">\n\t\t\t\r\n\t<div class=\"wpb_single_image wpb_content_element vc_align_left\" >\r\n\t\t<div class=\"wpb_wrapper\">\r\n\t\t\t\r\n\t\t\t<div class=\"vc_single_image-wrapper   vc_box_border_grey\" ><img loading=\"lazy\" decoding=\"async\" width=\"1920\" height=\"130\" src=\"https:\/\/doderer.at\/wp-content\/uploads\/2025\/01\/werke_small-3.jpg\" class=\"vc_single_image-img attachment-full\" alt=\"\" title=\"werke_small\" srcset=\"https:\/\/doderer.at\/wp-content\/uploads\/2025\/01\/werke_small-3.jpg 1920w, https:\/\/doderer.at\/wp-content\/uploads\/2025\/01\/werke_small-3-300x20.jpg 300w, https:\/\/doderer.at\/wp-content\/uploads\/2025\/01\/werke_small-3-1024x69.jpg 1024w, https:\/\/doderer.at\/wp-content\/uploads\/2025\/01\/werke_small-3-768x52.jpg 768w, https:\/\/doderer.at\/wp-content\/uploads\/2025\/01\/werke_small-3-1536x104.jpg 1536w\" sizes=\"auto, (max-width: 1920px) 100vw, 1920px\" \/><\/div>\r\n\t\t\t\r\n\t\t<\/div>\r\n\t<\/div>\r\n\n\t\t<\/div> \n\t<\/div> \n<\/div><div class=\"dfd-row-bg-overlay\" style=\"opacity: 0.8;\"><\/div><\/div><div  class=\"vc_row vc-row-wrapper dfd-background-dark vc_custom_1736676731687\" data-parallax_sense=\"30\"><div class=\"wpb_row row\" >\n\t<div class=\"twelve columns vc-column-extra-class-69d7cb96e0612\" data-parallax_sense=\"30\">\n\t\t<div class=\"wpb_wrapper\">\n\t\t\t\n\t<div class=\"wpb_text_column wpb_content_element\" >\n\t\t<div class=\"wpb_wrapper\">\n\t\t\t<h4>Imprint<\/h4>\n<p>Office<br \/>\nJohanna Doderer<br \/>\nVordere Zollamtsstr. 11\/11<br \/>\nA-1030 Vienna \/ Austria<br \/>\nTel: 0043 680 507 44 88<br \/>\nmanagement@doderer.at<\/p>\n<p>UID: ATU61010211<\/p>\n<h4>Allgemeine Hinweise:<\/h4>\n<p>Haftung f\u00fcr Inhalte Die Inhalte unserer Seiten wurden mit gr\u00f6\u00dfter Sorgfalt erstellt. F\u00fcr die Richtigkeit, Vollst\u00e4ndigkeit und Aktualit\u00e4t der Inhalte k\u00f6nnen wir jedoch keine Gew\u00e4hr \u00fcbernehmen. Als Diensteanbieter sind wir f\u00fcr eigene Inhalte auf diesen Seiten nach den allgemeinen Gesetzen verantwortlich. Wir sind wir als Diensteanbieter jedoch nicht verpflichtet, \u00fcbermittelte oder gespeicherte fremde Informationen zu \u00fcberwachen oder nach Umst\u00e4nden zu forschen, die auf eine rechtswidrige T\u00e4tigkeit hinweisen. Verpflichtungen zur Entfernung oder Sperrung der Nutzung von Informationen nach den allgemeinen Gesetzen bleiben hiervon unber\u00fchrt. Eine diesbez\u00fcgliche Haftung ist jedoch erst ab dem Zeitpunkt der Kenntnis einer konkreten Rechtsverletzung m\u00f6glich. Bei Bekanntwerden von entsprechenden Rechtsverletzungen werden wir diese Inhalte umgehend entfernen.<\/p>\n<h4>Haftung f\u00fcr Links<\/h4>\n<p>Unser Angebot enth\u00e4lt Links zu externen Webseiten Dritter, auf deren Inhalte wir keinen Einfluss haben. Deshalb k\u00f6nnen wir f\u00fcr diese fremden Inhalte auch keine Gew\u00e4hr \u00fcbernehmen. F\u00fcr die Inhalte der verlinkten Seiten ist stets der jeweilige Anbieter oder Betreiber der Seiten verantwortlich. Die verlinkten Seiten wurden zum Zeitpunkt der Verlinkung auf m\u00f6gliche Rechtsverst\u00f6\u00dfe \u00fcberpr\u00fcft. Rechtswidrige Inhalte waren zum Zeitpunkt der Verlinkung nicht erkennbar. Eine permanente inhaltliche Kontrolle der verlinkten Seiten ist jedoch ohne konkrete Anhaltspunkte einer Rechtsverletzung nicht zumutbar. Bei Bekanntwerden von Rechtsverletzungen werden wir derartige Links umgehend entfernen.<\/p>\n<h4>Urheberrecht<\/h4>\n<p>Die durch die Seitenbetreiber erstellten Inhalte und Werke auf diesen Seiten unterliegen dem Urheberrecht. Die Vervielf\u00e4ltigung, Bearbeitung, Verbreitung und jede Art der Verwertung au\u00dferhalb der Grenzen des Urheberrechtes bed\u00fcrfen der schriftlichen Zustimmung des jeweiligen Autors bzw. Erstellers. Downloads und Kopien dieser Seite sind nur f\u00fcr den privaten, nicht kommerziellen Gebrauch gestattet. Soweit die Inhalte auf dieser Seite nicht vom Betreiber erstellt wurden, werden die Urheberrechte Dritter beachtet. Insbesondere werden Inhalte Dritter als solche gekennzeichnet. Sollten Sie trotzdem auf eine Urheberrechtsverletzung aufmerksam werden, bitten wir um einen entsprechenden Hinweis. Bei Bekanntwerden von Rechtsverletzungen werden wir derartige Inhalte umgehend entfernen.<\/p>\n<h4>Credits<\/h4>\n<p>Fotos der Website: Maria Frodl<br \/>\nKonzept, Design und Programmierung: <a href=\"https:\/\/www.heimbach-media.com\/\" target=\"_blank\" rel=\"noopener\">heimbach-media.com<\/a><\/p>\n\n\t\t<\/div> \n\t<\/div> \n\t\t<\/div> \n\t<\/div> \n<\/div><\/div>\n<\/div>","protected":false},"excerpt":{"rendered":"Impressum B\u00fcro Johanna Doderer Vordere Zollamtsstr. 11\/11 A-1030 Wien Tel: 0043 680 507 44 88 management@doderer.at UID: ATU61010211 Allgemeine Hinweise: Haftung f\u00fcr Inhalte Die Inhalte unserer Seiten wurden mit gr\u00f6\u00dfter","protected":false},"author":3,"featured_media":0,"parent":199,"menu_order":0,"comment_status":"closed","ping_status":"closed","template":"page-custom.php","meta":{"footnotes":""},"class_list":["post-2024","page","type-page","status-publish","hentry"],"_links":{"self":[{"href":"https:\/\/doderer.at\/en\/wp-json\/wp\/v2\/pages\/2024","targetHints":{"allow":["GET"]}}],"collection":[{"href":"https:\/\/doderer.at\/en\/wp-json\/wp\/v2\/pages"}],"about":[{"href":"https:\/\/doderer.at\/en\/wp-json\/wp\/v2\/types\/page"}],"author":[{"embeddable":true,"href":"https:\/\/doderer.at\/en\/wp-json\/wp\/v2\/users\/3"}],"replies":[{"embeddable":true,"href":"https:\/\/doderer.at\/en\/wp-json\/wp\/v2\/comments?post=2024"}],"version-history":[{"count":4,"href":"https:\/\/doderer.at\/en\/wp-json\/wp\/v2\/pages\/2024\/revisions"}],"predecessor-version":[{"id":5141,"href":"https:\/\/doderer.at\/en\/wp-json\/wp\/v2\/pages\/2024\/revisions\/5141"}],"up":[{"embeddable":true,"href":"https:\/\/doderer.at\/en\/wp-json\/wp\/v2\/pages\/199"}],"wp:attachment":[{"href":"https:\/\/doderer.at\/en\/wp-json\/wp\/v2\/media?parent=2024"}],"curies":[{"name":"wp","href":"https:\/\/api.w.org\/{rel}","templated":true}]}}