{"id":4486,"date":"2023-10-18T14:44:13","date_gmt":"2023-10-18T12:44:13","guid":{"rendered":"https:\/\/doderer.at\/?page_id=4486"},"modified":"2025-09-29T11:01:50","modified_gmt":"2025-09-29T09:01:50","slug":"werke","status":"publish","type":"page","link":"https:\/\/doderer.at\/en\/werke","title":{"rendered":"werke"},"content":{"rendered":"<div class=\"wpb-content-wrapper\"><div  class=\"vc_row vc-row-wrapper full_width_content vc-row-responsive-69d7b203110dc vc_custom_1736694643338\" data-parallax_sense=\"30\"><div class=\"wpb_row row\" >\n\t<div class=\"twelve columns vc-column-extra-class-69d7b203114ad\" data-parallax_sense=\"30\">\n\t\t<div class=\"wpb_wrapper\">\n\t\t\t\n\t\t\t<!-- START werke_25 REVOLUTION SLIDER 6.1.0 --><p class=\"rs-p-wp-fix\"><\/p>\n\t\t\t<rs-module-wrap id=\"rev_slider_35_1_wrapper\" data-source=\"gallery\" style=\"background:transparent;padding:0;margin:0px auto;margin-top:0;margin-bottom:0;\">\n\t\t\t\t<rs-module id=\"rev_slider_35_1\" style=\"display:none;\" data-version=\"6.1.0\">\n\t\t\t\t\t<rs-slides>\n\t\t\t\t\t\t<rs-slide data-key=\"rs-35\" data-title=\"Slide\" data-anim=\"ei:d;eo:d;s:1000;r:0;t:fade;sl:0;\">\n\t\t\t\t\t\t\t<img decoding=\"async\" src=\"\/\/doderer.at\/wp-content\/plugins\/revslider\/public\/assets\/assets\/transparent.png\" title=\"werke\" class=\"rev-slidebg\" data-no-retina>\n<!--\n\t\t\t\t\t\t\t--><rs-layer\n\t\t\t\t\t\t\t\tid=\"slider-35-slide-35-layer-2\" \n\t\t\t\t\t\t\t\tdata-type=\"text\"\n\t\t\t\t\t\t\t\tdata-rsp_ch=\"on\"\n\t\t\t\t\t\t\t\tdata-xy=\"xo:1560px,1560px,1560px,389px;y:m;yo:134px,134px,134px,32px;\"\n\t\t\t\t\t\t\t\tdata-text=\"w:normal;s:40,40,40,9;l:40,40,40,9;a:center;\"\n\t\t\t\t\t\t\t\tdata-vbility=\"t,t,t,f\"\n\t\t\t\t\t\t\t\tdata-frame_1=\"e:Power3.easeIn;st:1010;sp:1200;sR:1010;\"\n\t\t\t\t\t\t\t\tdata-frame_999=\"o:0;st:w;sR:6790;\"\n\t\t\t\t\t\t\t\tstyle=\"z-index:10;font-family:tabard;\"\n\t\t\t\t\t\t\t><br> \n\t\t\t\t\t\t\t<\/rs-layer><!--\n\n\t\t\t\t\t\t\t--><a\n\t\t\t\t\t\t\t\tid=\"slider-35-slide-35-layer-5\" \n\t\t\t\t\t\t\t\tclass=\"rs-layer\"\n\t\t\t\t\t\t\t\thref=\"https:\/\/doderer.at\/downloads\/Doderer_Werkliste_21_11_2019.pdf\" target=\"_blank\" rel=\"nofollow\"\n\t\t\t\t\t\t\t\tdata-type=\"text\"\n\t\t\t\t\t\t\t\tdata-rsp_ch=\"on\"\n\t\t\t\t\t\t\t\tdata-xy=\"xo:1550px,1550px,1550px,386px;y:m;yo:189px,189px,189px,46px;\"\n\t\t\t\t\t\t\t\tdata-text=\"w:normal;s:40,40,40,9;l:40,40,40,9;a:center;\"\n\t\t\t\t\t\t\t\tdata-vbility=\"t,t,t,f\"\n\t\t\t\t\t\t\t\tdata-frame_1=\"e:Power3.easeIn;st:2050;sp:1200;sR:2050;\"\n\t\t\t\t\t\t\t\tdata-frame_999=\"o:0;st:w;sR:5750;\"\n\t\t\t\t\t\t\t\tstyle=\"z-index:11;font-family:tabard;\"\n\t\t\t\t\t\t\t>List of works \n\t\t\t\t\t\t\t<\/a><!--\n\n\t\t\t\t\t\t\t--><rs-layer\n\t\t\t\t\t\t\t\tid=\"slider-35-slide-35-layer-12\" \n\t\t\t\t\t\t\t\tdata-type=\"image\"\n\t\t\t\t\t\t\t\tdata-rsp_ch=\"on\"\n\t\t\t\t\t\t\t\tdata-xy=\"x:c;y:m;\"\n\t\t\t\t\t\t\t\tdata-text=\"w:normal;s:20,20,20,4;l:0,0,0,6;\"\n\t\t\t\t\t\t\t\tdata-dim=\"w:['100%','100%','100%','100%'];h:['100%','100%','100%','100%'];\"\n\t\t\t\t\t\t\t\tdata-frame_999=\"o:0;st:w;sR:8700;\"\n\t\t\t\t\t\t\t\tstyle=\"z-index:8;font-family:Roboto;\"\n\t\t\t\t\t\t\t><img loading=\"lazy\" decoding=\"async\" src=\"\/\/doderer.at\/wp-content\/uploads\/2025\/01\/werke-3.jpg\" width=\"1920\" height=\"950\" data-c=\"cover-proportional\" data-no-retina> \n\t\t\t\t\t\t\t<\/rs-layer><!--\n\n\t\t\t\t\t\t\t--><rs-layer\n\t\t\t\t\t\t\t\tid=\"slider-35-slide-35-layer-13\" \n\t\t\t\t\t\t\t\tdata-type=\"text\"\n\t\t\t\t\t\t\t\tdata-rsp_ch=\"on\"\n\t\t\t\t\t\t\t\tdata-xy=\"xo:1583px,1583px,1583px,395px;y:m;yo:-104px,-104px,-104px,-25px;\"\n\t\t\t\t\t\t\t\tdata-text=\"w:normal;s:80,80,80,19;l:80,80,80,19;a:center;\"\n\t\t\t\t\t\t\t\tdata-vbility=\"t,t,t,f\"\n\t\t\t\t\t\t\t\tdata-frame_1=\"e:Power3.easeIn;sp:1200;\"\n\t\t\t\t\t\t\t\tdata-frame_999=\"o:0;st:w;sR:7800;\"\n\t\t\t\t\t\t\t\tstyle=\"z-index:9;font-family:tabard;\"\n\t\t\t\t\t\t\t>Works \n\t\t\t\t\t\t\t<\/rs-layer><!--\n-->\t\t\t\t\t\t<\/rs-slide>\n\t\t\t\t\t<\/rs-slides>\n\t\t\t\t\t<rs-progress class=\"rs-bottom\" style=\"visibility: hidden !important;\"><\/rs-progress>\n\t\t\t\t<\/rs-module>\n\t\t\t\t<script type=\"text\/javascript\">\n\t\t\t\t\tsetREVStartSize({c: 'rev_slider_35_1',rl:[1240,1240,1240,480],el:[950,950,950,720],gw:[1920,1920,1920,480],gh:[950,950,950,720],layout:'fullwidth',mh:\"0\"});\n\t\t\t\t\tvar\trevapi35,\n\t\t\t\t\t\ttpj;\n\t\t\t\t\tjQuery(function() {\n\t\t\t\t\t\ttpj = jQuery;\n\t\t\t\t\t\tif(tpj(\"#rev_slider_35_1\").revolution == undefined){\n\t\t\t\t\t\t\trevslider_showDoubleJqueryError(\"#rev_slider_35_1\");\n\t\t\t\t\t\t}else{\n\t\t\t\t\t\t\trevapi35 = tpj(\"#rev_slider_35_1\").show().revolution({\n\t\t\t\t\t\t\t\tsliderType:\"hero\",\n\t\t\t\t\t\t\t\tjsFileLocation:\"\/\/doderer.at\/wp-content\/plugins\/revslider\/public\/assets\/js\/\",\n\t\t\t\t\t\t\t\tvisibilityLevels:\"1240,1240,1240,480\",\n\t\t\t\t\t\t\t\tgridwidth:\"1920,1920,1920,480\",\n\t\t\t\t\t\t\t\tgridheight:\"950,950,950,720\",\n\t\t\t\t\t\t\t\tminHeight:\"\",\n\t\t\t\t\t\t\t\tspinner:\"spinner0\",\n\t\t\t\t\t\t\t\teditorheight:\"950,768,960,720\",\n\t\t\t\t\t\t\t\tresponsiveLevels:\"1240,1240,1240,480\",\n\t\t\t\t\t\t\t\tdisableProgressBar:\"on\",\n\t\t\t\t\t\t\t\tnavigation: {\n\t\t\t\t\t\t\t\t\tonHoverStop:false\n\t\t\t\t\t\t\t\t},\n\t\t\t\t\t\t\t\tfallbacks: {\n\t\t\t\t\t\t\t\t\tallowHTML5AutoPlayOnAndroid:true\n\t\t\t\t\t\t\t\t},\n\t\t\t\t\t\t\t});\n\t\t\t\t\t\t}\n\t\t\t\t\t\t\n\t\t\t\t\t});\n\t\t\t\t<\/script>\n\t\t\t<\/rs-module-wrap>\n\t\t\t<!-- END REVOLUTION SLIDER -->\n\n\t\t<\/div> \n\t<\/div> \n<\/div><script type=\"text\/javascript\">(function($) {$(\"head\").append(\"<style>@media (max-width: 799px){.vc-row-wrapper.vc-row-responsive-69d7b203110dc{padding-top: 0px !important;padding-bottom: 50px !important;}}<\/style>\");})(jQuery);<\/script><\/div><div id=\"nb\" class=\"vc_row vc-row-wrapper dfd-background-dark\" data-parallax_sense=\"30\" data-anchor=\"section-nb\"><div class=\"wpb_row row\" >\n\t<div class=\"twelve columns vc-column-extra-class-69d7b20316026 vc_custom_1698835147047\" data-parallax_sense=\"30\">\n\t\t<div class=\"wpb_wrapper\">\n\t\t\t\n\t<div class=\"wpb_text_column wpb_content_element\" >\n\t\t<div class=\"wpb_wrapper\">\n\t\t\t<h1>Works sorted by instrumentation<\/h1>\n<p class=\"translation-block\">Here you will find excerpts of my works, sorted by instrumentation. Click on the DWV you have chosen under the respective instrumentation. The content on this page is constantly being expanded and updated. You can download my complete list of works <a href=\"https:\/\/doderer.at\/downloads\/Doderer_Werkliste_21_11_2019.pdf\" target=\"_blank\" rel=\"noopener\">\u27a5 HERE<\/a> as a PDF. If you need information or material of my works, please use the<a href=\"https:\/\/doderer.at\/en\/#kontakt\" target=\"_self\">\u27a5 contact form<\/a>. Please add the DWV number(s) of your choice to your message.<\/p>\n\n\t\t<\/div> \n\t<\/div> \n\t\t<\/div> \n\t<\/div> \n<\/div><\/div><div  class=\"vc_row vc-row-wrapper dfd-background-dark vc_custom_1736696514101\" data-parallax_sense=\"30\"><div class=\"wpb_row row\" >\n\t<div class=\"three columns vc-column-extra-class-69d7b20316709 vc_custom_1736697987609\" data-parallax_sense=\"30\">\n\t\t<div class=\"wpb_wrapper\">\n\t\t\t\n\t<div class=\"wpb_text_column wpb_content_element\" >\n\t\t<div class=\"wpb_wrapper\">\n\t\t\t<h2>Opera<\/h2>\n\n\t\t<\/div> \n\t<\/div> \n\t<div class=\"wpb_text_column wpb_content_element  vc_custom_1756451653989\" >\n\t\t<div class=\"wpb_wrapper\">\n\t\t\t<p><a href=\"https:\/\/doderer.at\/en\/dwv54\/\">DWV54 | &#8222;Der leuchtende Fluss&#8220;<\/a><\/p>\n\n\t\t<\/div> \n\t<\/div> \n\t<div class=\"wpb_text_column wpb_content_element  vc_custom_1756458106835\" >\n\t\t<div class=\"wpb_wrapper\">\n\t\t\t<p><a href=\"https:\/\/doderer.at\/en\/dwv83\/\">DWV83 | &#8222;Liliom&#8220;<\/a><\/p>\n\n\t\t<\/div> \n\t<\/div> \n\t\t<\/div> \n\t<\/div> \n\n\t<div class=\"three columns vc-column-extra-class-69d7b20316c7f vc_custom_1736697996383\" data-parallax_sense=\"30\">\n\t\t<div class=\"wpb_wrapper\">\n\t\t\t\n\t<div class=\"wpb_text_column wpb_content_element\" >\n\t\t<div class=\"wpb_wrapper\">\n\t\t\t<h2>Filmmusik<\/h2>\n\n\t\t<\/div> \n\t<\/div> \n\t\t<\/div> \n\t<\/div> \n\n\t<div class=\"three columns vc-column-extra-class-69d7b20316f95 vc_custom_1698834685813\" data-parallax_sense=\"30\">\n\t\t<div class=\"wpb_wrapper\">\n\t\t\t\n\t<div class=\"wpb_text_column wpb_content_element\" >\n\t\t<div class=\"wpb_wrapper\">\n\t\t\t<h2>Vocal music<\/h2>\n\n\t\t<\/div> \n\t<\/div> \n\t<div class=\"wpb_text_column wpb_content_element  vc_custom_1759133883217\" >\n\t\t<div class=\"wpb_wrapper\">\n\t\t\t<p><a href=\"https:\/\/doderer.at\/en\/dwv83vokal\/\">DWV83 | Arie der Julie aus der Oper \u201eLILIOM\u201c<\/a><\/p>\n\n\t\t<\/div> \n\t<\/div> \n\t<div class=\"wpb_text_column wpb_content_element  vc_custom_1759134300662\" >\n\t\t<div class=\"wpb_wrapper\">\n\t\t\t<p><a href=\"https:\/\/doderer.at\/en\/dwv131\/\">DWV131 | &#8222;the crown&#8220; aus der 4 Symphonie &#8222;The trees&#8220;<\/a><\/p>\n\n\t\t<\/div> \n\t<\/div> \n\t\t<\/div> \n\t<\/div> \n\n\t<div class=\"three columns vc-column-extra-class-69d7b203174e9 vc_custom_1736698045692\" data-parallax_sense=\"30\">\n\t\t<div class=\"wpb_wrapper\">\n\t\t\t\n\t<div class=\"wpb_text_column wpb_content_element\" >\n\t\t<div class=\"wpb_wrapper\">\n\t\t\t<h2>Choir<\/h2>\n\n\t\t<\/div> \n\t<\/div> \n\t<div class=\"wpb_text_column wpb_content_element  vc_custom_1755858807541\" >\n\t\t<div class=\"wpb_wrapper\">\n\t\t\t<p><a href=\"https:\/\/doderer.at\/en\/dwv53\/\">DWV53 | &#8222;Salve Regina&#8220;<\/a><\/p>\n\n\t\t<\/div> \n\t<\/div> \n\t<div class=\"wpb_text_column wpb_content_element  vc_custom_1756452035441\" >\n\t\t<div class=\"wpb_wrapper\">\n\t\t\t<p><a href=\"https:\/\/doderer.at\/en\/dwv77\/\">DWV77 | &#8222;Die 4 Apokalyptischen Reiter&#8220;<\/a><\/p>\n\n\t\t<\/div> \n\t<\/div> \n\t<div class=\"wpb_text_column wpb_content_element  vc_custom_1759131107128\" >\n\t\t<div class=\"wpb_wrapper\">\n\t\t\t<p><a href=\"https:\/\/doderer.at\/en\/dwv115\/\">DWV115 | &#8222;Div werlt frovt sich uber al&#8220;<\/a><\/p>\n\n\t\t<\/div> \n\t<\/div> \n\t<div class=\"wpb_text_column wpb_content_element  vc_custom_1759130746645\" >\n\t\t<div class=\"wpb_wrapper\">\n\t\t\t<p><a href=\"https:\/\/doderer.at\/en\/dwv149\/\">DWV149 | &#8222;Kyrie und Segen&#8220;<\/a><\/p>\n\n\t\t<\/div> \n\t<\/div> \n\t\t<\/div> \n\t<\/div> \n<\/div><\/div><div  class=\"vc_row vc-row-wrapper dfd-background-dark vc-row-responsive-69d7b20317d39 vc_custom_1736697147357\" data-parallax_sense=\"30\"><div class=\"wpb_row row\" >\n\t<div class=\"three columns vc-column-extra-class-69d7b20317f58 vc_custom_1736699551864\" data-parallax_sense=\"30\">\n\t\t<div class=\"wpb_wrapper\">\n\t\t\t\n\t<div class=\"wpb_text_column wpb_content_element\" >\n\t\t<div class=\"wpb_wrapper\">\n\t\t\t<h2>Orchestra<\/h2>\n\n\t\t<\/div> \n\t<\/div> \n\t<div class=\"wpb_text_column wpb_content_element  vc_custom_1759130457881\" >\n\t\t<div class=\"wpb_wrapper\">\n\t\t\t<p><a href=\"https:\/\/doderer.at\/en\/dwv9\/\">DWV9 | &#8222;Ikarus&#8220;<\/a><\/p>\n\n\t\t<\/div> \n\t<\/div> \n\t<div class=\"wpb_text_column wpb_content_element  vc_custom_1759136503920\" >\n\t\t<div class=\"wpb_wrapper\">\n\t\t\t<p><a href=\"https:\/\/doderer.at\/en\/dwv47\/\">DWV47 | &#8222;1. Symphonie&#8220;<\/a><\/p>\n\n\t\t<\/div> \n\t<\/div> \n\t<div class=\"wpb_text_column wpb_content_element  vc_custom_1756456789641\" >\n\t\t<div class=\"wpb_wrapper\">\n\t\t\t<p><a href=\"https:\/\/doderer.at\/en\/dwv49\/\">DWV49 | &#8222;Orchesterfragment aus dem Wutmarsch&#8220;<\/a><\/p>\n\n\t\t<\/div> \n\t<\/div> \n\t<div class=\"wpb_text_column wpb_content_element  vc_custom_1755858792573\" >\n\t\t<div class=\"wpb_wrapper\">\n\t\t\t<p><a href=\"https:\/\/doderer.at\/en\/dwv53\/\">DWV53 | &#8222;Salve Regina&#8220;<\/a><\/p>\n\n\t\t<\/div> \n\t<\/div> \n\t<div class=\"wpb_text_column wpb_content_element  vc_custom_1756458503792\" >\n\t\t<div class=\"wpb_wrapper\">\n\t\t\t<p><a href=\"https:\/\/doderer.at\/en\/dwv55\/\">DWV55 | &#8222;Vision for Madrid&#8220;<\/a><\/p>\n\n\t\t<\/div> \n\t<\/div> \n\t<div class=\"wpb_text_column wpb_content_element  vc_custom_1759130198497\" >\n\t\t<div class=\"wpb_wrapper\">\n\t\t\t<p><a href=\"https:\/\/doderer.at\/en\/dwv93\/\">DWV93 | 2. Symphonie \u201eBohinj\u201c<\/a><\/p>\n\n\t\t<\/div> \n\t<\/div> \n\t<div class=\"wpb_text_column wpb_content_element  vc_custom_1759136202091\" >\n\t\t<div class=\"wpb_wrapper\">\n\t\t\t<p><a href=\"https:\/\/doderer.at\/en\/dwv131orchester\/\">DWV131 | 4. Symphonie \u201eTHE TREES\u201c<\/a><\/p>\n\n\t\t<\/div> \n\t<\/div> \n\t\t<\/div> \n\t<\/div> \n\n\t<div class=\"three columns vc-column-extra-class-69d7b20318a46 vc_custom_1736699560052\" data-parallax_sense=\"30\">\n\t\t<div class=\"wpb_wrapper\">\n\t\t\t\n\t<div class=\"wpb_text_column wpb_content_element\" >\n\t\t<div class=\"wpb_wrapper\">\n\t\t\t<h2>Solo concert<\/h2>\n\n\t\t<\/div> \n\t<\/div> \n\t<div class=\"wpb_text_column wpb_content_element  vc_custom_1756457654836\" >\n\t\t<div class=\"wpb_wrapper\">\n\t\t\t<p><a href=\"https:\/\/doderer.at\/en\/dwv100\/\">DWV100 | &#8222;Ozean&#8220; Konzert f\u00fcr Akkordeon und Orchester<\/a><\/p>\n\n\t\t<\/div> \n\t<\/div> \n\t<div class=\"wpb_text_column wpb_content_element  vc_custom_1737546104121\" >\n\t\t<div class=\"wpb_wrapper\">\n\t\t\t<p><a href=\"https:\/\/doderer.at\/en\/dwv122solo\/\">DWV 122 | 1. Konzert f\u00fcr Violoncello und Orchester \u201eMillst\u00e4tter See\u201c<\/a><\/p>\n\n\t\t<\/div> \n\t<\/div> \n\t\t<\/div> \n\t<\/div> \n\n\t<div class=\"three columns vc-column-extra-class-69d7b20318f93 vc_custom_1736699569558\" data-parallax_sense=\"30\">\n\t\t<div class=\"wpb_wrapper\">\n\t\t\t\n\t<div class=\"wpb_text_column wpb_content_element\" >\n\t\t<div class=\"wpb_wrapper\">\n\t\t\t<h2>Chamber orchestra<\/h2>\n\n\t\t<\/div> \n\t<\/div> \n\t<div class=\"wpb_text_column wpb_content_element  vc_custom_1759132125214\" >\n\t\t<div class=\"wpb_wrapper\">\n\t\t\t<p><a href=\"https:\/\/doderer.at\/en\/dwv88\/\">DWV 88 | \u201eXANTHOS\u201c<\/a><\/p>\n\n\t\t<\/div> \n\t<\/div> \n\t\t<\/div> \n\t<\/div> \n\n\t<div class=\"three columns vc-column-extra-class-69d7b203193c3 vc_custom_1736699579111\" data-parallax_sense=\"30\">\n\t\t<div class=\"wpb_wrapper\">\n\t\t\t\n\t<div class=\"wpb_text_column wpb_content_element\" >\n\t\t<div class=\"wpb_wrapper\">\n\t\t\t<h2>Piano<\/h2>\n\n\t\t<\/div> \n\t<\/div> \n\t<div class=\"wpb_text_column wpb_content_element  vc_custom_1755857842583\" >\n\t\t<div class=\"wpb_wrapper\">\n\t\t\t<p><a href=\"https:\/\/doderer.at\/en\/dwv98\/\">DWV98 | \u201elike the sun\u201c for piano 4 hands or for 2 pianos<\/a><\/p>\n\n\t\t<\/div> \n\t<\/div> \n\t<div class=\"wpb_text_column wpb_content_element  vc_custom_1755858712540\" >\n\t\t<div class=\"wpb_wrapper\">\n\t\t\t<p><a href=\"https:\/\/doderer.at\/en\/dwv109\/\">DWV109 | &#8222;Alles fliesst&#8220;<\/a><\/p>\n\n\t\t<\/div> \n\t<\/div> \n\t<div class=\"wpb_text_column wpb_content_element  vc_custom_1755858732136\" >\n\t\t<div class=\"wpb_wrapper\">\n\t\t\t<p><a href=\"https:\/\/doderer.at\/en\/dwv116\/\">DWV116 | \u201eTraisentall\u00e4ndler\u201c for piano 4 hands or for 2 pianos<\/a><\/p>\n\n\t\t<\/div> \n\t<\/div> \n\t<div class=\"wpb_text_column wpb_content_element  vc_custom_1755858743311\" >\n\t\t<div class=\"wpb_wrapper\">\n\t\t\t<p><a href=\"https:\/\/doderer.at\/en\/156-2\/\">DWV156 | &#8222;TRINITAS&#8220; Klaviertrio Nr 6<\/a><\/p>\n\n\t\t<\/div> \n\t<\/div> \n\t\t<\/div> \n\t<\/div> \n<\/div><script type=\"text\/javascript\">(function($) {$(\"head\").append(\"<style>@media (max-width: 799px){.vc-row-wrapper.vc-row-responsive-69d7b20317d39{padding-top: 0px !important;}}<\/style>\");})(jQuery);<\/script><\/div><div  class=\"vc_row vc-row-wrapper dfd-background-dark vc-row-responsive-69d7b20319c11 vc_custom_1736697147357\" data-parallax_sense=\"30\"><div class=\"wpb_row row\" >\n\t<div class=\"three columns vc-column-extra-class-69d7b20319e13 vc_custom_1736699617287\" data-parallax_sense=\"30\">\n\t\t<div class=\"wpb_wrapper\">\n\t\t\t\n\t<div class=\"wpb_text_column wpb_content_element  vc_custom_1736697677252\" >\n\t\t<div class=\"wpb_wrapper\">\n\t\t\t<h2>Violin<\/h2>\n\n\t\t<\/div> \n\t<\/div> \n\t<div class=\"wpb_text_column wpb_content_element  vc_custom_1756452864831\" >\n\t\t<div class=\"wpb_wrapper\">\n\t\t\t<p><a href=\"https:\/\/doderer.at\/en\/dwv161\/\">DWV161 | &#8222;Sandberg Variationen&#8220;<\/a><\/p>\n\n\t\t<\/div> \n\t<\/div> \n\t\t<\/div> \n\t<\/div> \n\n\t<div class=\"three columns vc-column-extra-class-69d7b2031a250 vc_custom_1736699627226\" data-parallax_sense=\"30\">\n\t\t<div class=\"wpb_wrapper\">\n\t\t\t\n\t<div class=\"wpb_text_column wpb_content_element  vc_custom_1736697666227\" >\n\t\t<div class=\"wpb_wrapper\">\n\t\t\t<h2>Violoncello<\/h2>\n\n\t\t<\/div> \n\t<\/div> \n\t\t<\/div> \n\t<\/div> \n\n\t<div class=\"three columns vc-column-extra-class-69d7b2031a564\" data-parallax_sense=\"30\">\n\t\t<div class=\"wpb_wrapper\">\n\t\t\t\n\t<div class=\"wpb_text_column wpb_content_element  vc_custom_1736697652274\" >\n\t\t<div class=\"wpb_wrapper\">\n\t\t\t<h2>Organ<\/h2>\n\n\t\t<\/div> \n\t<\/div> \n\t\t<\/div> \n\t<\/div> \n\n\t<div class=\"three columns vc-column-extra-class-69d7b2031a86d\" data-parallax_sense=\"30\">\n\t\t<div class=\"wpb_wrapper\">\n\t\t\t\n\t<div class=\"wpb_text_column wpb_content_element\" >\n\t\t<div class=\"wpb_wrapper\">\n\t\t\t<h2>Accordion<\/h2>\n\n\t\t<\/div> \n\t<\/div> \n\t<div class=\"wpb_text_column wpb_content_element  vc_custom_1759129849195\" >\n\t\t<div class=\"wpb_wrapper\">\n\t\t\t<p><a href=\"https:\/\/doderer.at\/en\/dwv90\/\">DWV90 | Die Farbe rot<\/a><\/p>\n\n\t\t<\/div> \n\t<\/div> \n\t<div class=\"wpb_text_column wpb_content_element  vc_custom_1756457654836\" >\n\t\t<div class=\"wpb_wrapper\">\n\t\t\t<p><a href=\"https:\/\/doderer.at\/en\/dwv100\/\">DWV100 | &#8222;Ozean&#8220; Konzert f\u00fcr Akkordeon und Orchester<\/a><\/p>\n\n\t\t<\/div> \n\t<\/div> \n\t\t<\/div> \n\t<\/div> \n<\/div><script type=\"text\/javascript\">(function($) {$(\"head\").append(\"<style>@media (max-width: 799px){.vc-row-wrapper.vc-row-responsive-69d7b20319c11{padding-top: 0px !important;}}<\/style>\");})(jQuery);<\/script><\/div><div  class=\"vc_row vc-row-wrapper dfd-background-dark vc-row-responsive-69d7b2031ae6d vc_custom_1736697214362\" data-parallax_sense=\"30\"><div class=\"wpb_row row\" >\n\t<div class=\"three columns vc-column-extra-class-69d7b2031b08f\" data-parallax_sense=\"30\">\n\t\t<div class=\"wpb_wrapper\">\n\t\t\t\n\t<div class=\"wpb_text_column wpb_content_element  vc_custom_1698835299074\" >\n\t\t<div class=\"wpb_wrapper\">\n\t\t\t<h2>Flute<\/h2>\n\n\t\t<\/div> \n\t<\/div> \n\t\t<\/div> \n\t<\/div> \n\n\t<div class=\"three columns vc-column-extra-class-69d7b2031b39d\" data-parallax_sense=\"30\">\n\t\t<div class=\"wpb_wrapper\">\n\t\t\t\n\t<div class=\"wpb_text_column wpb_content_element  vc_custom_1698835314981\" >\n\t\t<div class=\"wpb_wrapper\">\n\t\t\t<h2>Clarinet<\/h2>\n\n\t\t<\/div> \n\t<\/div> \n\t\t<\/div> \n\t<\/div> \n\n\t<div class=\"three columns vc-column-extra-class-69d7b2031b6b1 vc_custom_1698834685813\" data-parallax_sense=\"30\">\n\t\t<div class=\"wpb_wrapper\">\n\t\t\t\n\t<div class=\"wpb_text_column wpb_content_element\" >\n\t\t<div class=\"wpb_wrapper\">\n\t\t\t<h2>Duo<\/h2>\n\n\t\t<\/div> \n\t<\/div> \n\t<div class=\"wpb_text_column wpb_content_element  vc_custom_1756458769786\" >\n\t\t<div class=\"wpb_wrapper\">\n\t\t\t<p><a href=\"https:\/\/doderer.at\/en\/dwv95\/\">DWV95 | &#8222;Break on through&#8220;<\/a><\/p>\n\n\t\t<\/div> \n\t<\/div> \n\t<div class=\"wpb_text_column wpb_content_element  vc_custom_1756452571629\" >\n\t\t<div class=\"wpb_wrapper\">\n\t\t\t<p><a href=\"https:\/\/doderer.at\/en\/dwv160\/\">DWV160 | &#8222;Das klingende Schloss&#8220;<\/a><\/p>\n\n\t\t<\/div> \n\t<\/div> \n\t\t<\/div> \n\t<\/div> \n\n\t<div class=\"three columns vc-column-extra-class-69d7b2031bc07\" data-parallax_sense=\"30\">\n\t\t<div class=\"wpb_wrapper\">\n\t\t\t\n\t<div class=\"wpb_text_column wpb_content_element\" >\n\t\t<div class=\"wpb_wrapper\">\n\t\t\t<h2>Chamber music<\/h2>\n\n\t\t<\/div> \n\t<\/div> \n\t<div class=\"wpb_text_column wpb_content_element  vc_custom_1756459059452\" >\n\t\t<div class=\"wpb_wrapper\">\n\t\t\t<p><a href=\"https:\/\/doderer.at\/en\/dwv52\/\">DWV52 | 2. Klaviertrio<\/a><\/p>\n\n\t\t<\/div> \n\t<\/div> \n\t<div class=\"wpb_text_column wpb_content_element  vc_custom_1756459292521\" >\n\t\t<div class=\"wpb_wrapper\">\n\t\t\t<p><a href=\"https:\/\/doderer.at\/en\/dwv64\/\">DWV64 | 3. Klaviertrio<\/a><\/p>\n\n\t\t<\/div> \n\t<\/div> \n\t<div class=\"wpb_text_column wpb_content_element  vc_custom_1756457370381\" >\n\t\t<div class=\"wpb_wrapper\">\n\t\t\t<p><a href=\"https:\/\/doderer.at\/en\/dwv69\/\">DWV69 | &#8222;Wutmarsch&#8220; f\u00fcr Akkordeon und Streichquartett<\/a><\/p>\n\n\t\t<\/div> \n\t<\/div> \n\t<div class=\"wpb_text_column wpb_content_element  vc_custom_1756452308739\" >\n\t\t<div class=\"wpb_wrapper\">\n\t\t\t<p><a href=\"https:\/\/doderer.at\/en\/dwv79\/\">DWV79 | &#8222;Tango&#8220;<\/a><\/p>\n\n\t\t<\/div> \n\t<\/div> \n\t<div class=\"wpb_text_column wpb_content_element  vc_custom_1756457081703\" >\n\t\t<div class=\"wpb_wrapper\">\n\t\t\t<p><a href=\"https:\/\/doderer.at\/en\/dwv110\/\">DWV110 | 5. Klaviertrio \u201eDas wandelnde Schloss\u201c<\/a><\/p>\n\n\t\t<\/div> \n\t<\/div> \n\t<div class=\"wpb_text_column wpb_content_element  vc_custom_1755858776372\" >\n\t\t<div class=\"wpb_wrapper\">\n\t\t\t<p><a href=\"https:\/\/doderer.at\/en\/dwv122kammer\/\">DWV122 | &#8222;Millst\u00e4tter See&#8220; f\u00fcr Cello und Saxophonquartett<\/a><\/p>\n\n\t\t<\/div> \n\t<\/div> \n\t<div class=\"wpb_text_column wpb_content_element  vc_custom_1737542984534\" >\n\t\t<div class=\"wpb_wrapper\">\n\t\t\t<p><a href=\"https:\/\/doderer.at\/en\/dwv128\/\">DWV128 | 1. Klavierquartett<\/a><\/p>\n\n\t\t<\/div> \n\t<\/div> \n\t<div class=\"wpb_text_column wpb_content_element  vc_custom_1755858765134\" >\n\t\t<div class=\"wpb_wrapper\">\n\t\t\t<p><a href=\"https:\/\/doderer.at\/en\/dwv143\/\">DWV143 | \u201eRauhnacht\u201c for wind quintet<\/a><\/p>\n\n\t\t<\/div> \n\t<\/div> \n\t<div class=\"wpb_text_column wpb_content_element  vc_custom_1758526371900\" >\n\t\t<div class=\"wpb_wrapper\">\n\t\t\t<p><a href=\"https:\/\/doderer.at\/en\/156-2\/\">DWV156 | &#8222;Trinitas&#8220; 6. Klaviertrio<\/a><\/p>\n\n\t\t<\/div> \n\t<\/div> \n\t\t<\/div> \n\t<\/div> \n<\/div><script type=\"text\/javascript\">(function($) {$(\"head\").append(\"<style>@media (max-width: 799px){.vc-row-wrapper.vc-row-responsive-69d7b2031ae6d{padding-top: 0px !important;}}<\/style>\");})(jQuery);<\/script><\/div><div  class=\"vc_row vc-row-wrapper\" data-parallax_sense=\"30\"><div class=\"wpb_row row\" >\n\t<div class=\"twelve columns vc-column-extra-class-69d7b2031cbe9\" data-parallax_sense=\"30\">\n\t\t<div class=\"wpb_wrapper\">\n\t\t\t<div class=\"dfd-spacer-module\"  data-units=\"px\" data-wide_resolution=\"1280\" data-wide_size=\"100\" data-normal_resolution=\"1024\" data-normal_size=\"\" data-tablet_resolution=\"800\" data-tablet_size=\"\" data-mobile_resolution=\"480\" data-mobile_size=\"\" style=\"height: 100px;\"><\/div>\n\t\t<\/div> \n\t<\/div> \n<\/div><div class=\"dfd-row-bg-overlay\" style=\"opacity: 0.8;\"><\/div><\/div>\n<\/div>","protected":false},"excerpt":{"rendered":"Nach Besetzung Werkeverzeichnis Werke Werke nach Besetzung Hier finden Sie Noten- und Tonausz\u00fcge meiner Werke, sortiert nach Besetzung. Klicken Sie daf\u00fcr auf die von Ihnen gew\u00e4hlte DWV unter der jeweiligen","protected":false},"author":3,"featured_media":0,"parent":0,"menu_order":0,"comment_status":"closed","ping_status":"closed","template":"page-custom.php","meta":{"footnotes":""},"class_list":["post-4486","page","type-page","status-publish","hentry"],"_links":{"self":[{"href":"https:\/\/doderer.at\/en\/wp-json\/wp\/v2\/pages\/4486","targetHints":{"allow":["GET"]}}],"collection":[{"href":"https:\/\/doderer.at\/en\/wp-json\/wp\/v2\/pages"}],"about":[{"href":"https:\/\/doderer.at\/en\/wp-json\/wp\/v2\/types\/page"}],"author":[{"embeddable":true,"href":"https:\/\/doderer.at\/en\/wp-json\/wp\/v2\/users\/3"}],"replies":[{"embeddable":true,"href":"https:\/\/doderer.at\/en\/wp-json\/wp\/v2\/comments?post=4486"}],"version-history":[{"count":93,"href":"https:\/\/doderer.at\/en\/wp-json\/wp\/v2\/pages\/4486\/revisions"}],"predecessor-version":[{"id":5663,"href":"https:\/\/doderer.at\/en\/wp-json\/wp\/v2\/pages\/4486\/revisions\/5663"}],"wp:attachment":[{"href":"https:\/\/doderer.at\/en\/wp-json\/wp\/v2\/media?parent=4486"}],"curies":[{"name":"wp","href":"https:\/\/api.w.org\/{rel}","templated":true}]}}