{"id":5374,"date":"2025-08-22T10:09:01","date_gmt":"2025-08-22T08:09:01","guid":{"rendered":"https:\/\/doderer.at\/?page_id=5374"},"modified":"2025-08-22T11:51:00","modified_gmt":"2025-08-22T09:51:00","slug":"dwv143","status":"publish","type":"page","link":"https:\/\/doderer.at\/en\/dwv143","title":{"rendered":"dwv143"},"content":{"rendered":"<div class=\"wpb-content-wrapper\"><div  class=\"vc_row vc-row-wrapper full_width_content vc-row-responsive-69d7cbccb1f27 vc_custom_1736695417029\" data-parallax_sense=\"30\"><div class=\"wpb_row row\" >\n\t<div class=\"twelve columns vc-column-extra-class-69d7cbccb2355\" data-parallax_sense=\"30\">\n\t\t<div class=\"wpb_wrapper\">\n\t\t\t\r\n\t<div class=\"wpb_single_image wpb_content_element vc_align_left\" >\r\n\t\t<div class=\"wpb_wrapper\">\r\n\t\t\t\r\n\t\t\t<div class=\"vc_single_image-wrapper   vc_box_border_grey\" ><img loading=\"lazy\" decoding=\"async\" width=\"1920\" height=\"130\" src=\"https:\/\/doderer.at\/wp-content\/uploads\/2025\/01\/werke_small-3.jpg\" class=\"vc_single_image-img attachment-full\" alt=\"\" title=\"werke_small\" srcset=\"https:\/\/doderer.at\/wp-content\/uploads\/2025\/01\/werke_small-3.jpg 1920w, https:\/\/doderer.at\/wp-content\/uploads\/2025\/01\/werke_small-3-300x20.jpg 300w, https:\/\/doderer.at\/wp-content\/uploads\/2025\/01\/werke_small-3-1024x69.jpg 1024w, https:\/\/doderer.at\/wp-content\/uploads\/2025\/01\/werke_small-3-768x52.jpg 768w, https:\/\/doderer.at\/wp-content\/uploads\/2025\/01\/werke_small-3-1536x104.jpg 1536w\" sizes=\"auto, (max-width: 1920px) 100vw, 1920px\" \/><\/div>\r\n\t\t\t\r\n\t\t<\/div>\r\n\t<\/div>\r\n\n\t\t<\/div> \n\t<\/div> \n<\/div><div class=\"dfd-row-bg-overlay\" style=\"opacity: 0.8;\"><\/div><script type=\"text\/javascript\">(function($) {$(\"head\").append(\"<style>@media (max-width: 799px){.vc-row-wrapper.vc-row-responsive-69d7cbccb1f27{padding-top: 0px !important;padding-bottom: 40px !important;}}<\/style>\");})(jQuery);<\/script><\/div><div  class=\"vc_row vc-row-wrapper dfd-background-dark vc-row-responsive-69d7cbccb2bd8 vc_custom_1736695347369\" data-parallax_sense=\"30\"><div class=\"wpb_row row\" >\n\t<div class=\"six columns vc-column-extra-class-69d7cbccb2e23\" data-parallax_sense=\"30\">\n\t\t<div class=\"wpb_wrapper\">\n\t\t\t\n\t<div class=\"wpb_text_column wpb_content_element\" >\n\t\t<div class=\"wpb_wrapper\">\n\t\t\t<h2>DWV 143 | Rauhnacht<\/h2>\n<p>for wind quintet<\/p>\n<p>2022<\/p>\n<p>Besetzung:<\/p>\n<p>for flute, oboe, clarinet in Bb, bassoon and horn in F<\/p>\n<p>Duration 10\u00b4<\/p>\n<p>Rauhnacht (a few thoughts on the work)<\/p>\n<p>The \u201eRauhnacht\" are 12 nights between the religious holidays of Christmas and Epiphany. These are 12 nights in which rituals can take place, the past can be processed, and the future of the coming year can be conjured up with rituals (candles, wishes, prayers, vision quests, incense burning, etc.). The Rauhnacht is an ancient tradition from the Alpine region.<\/p>\n<p>The 12 images into which I divided this work refer to the 12 nights, so these 12 musical images should be played with as much variety and expression as possible. The rhythmic part, in particular, can be played more giocoso and \"sharply.\"<\/p>\n<p>The tempi are suggestions that only need to be followed approximately. I hope for the freest possible interpretation of these musical images, which are very different in character.<\/p>\n\n\t\t<\/div> \n\t<\/div> \n\t<div class=\"wpb_text_column wpb_content_element  vc_custom_1755852089009\" >\n\t\t<div class=\"wpb_wrapper\">\n\t\t\t<div class=\"shortcode\">\n<div class=\"shortcode\">\n<div class=\"shortcode\">\n<div class=\"shortcode\">\n<div class=\"shortcode\"><style>\r\n .player5377  .plyr__controls,\r\n .player5377 .StampAudioPlayerSkin{\r\n  border-radius: 10px;\r\n  overflow: hidden;\r\n }\r\n .player5377{\r\n  margin: 0 auto; }\r\n .player5377 .plyr__controls .plyr__controls {\r\n   border-radius: none;\r\n   overflow: visible;\r\n }\r\n .skin_default .player5377 .plyr__controls {\r\n   overflow: visible;\r\n }\r\n <\/style>\r\n<div class=\"skin_default\" id=\"skin_default\">\r\n  <div style=\"width:100%;--plyr-color-bg:#333\" class=\"h5ap_standard_player player5377\" \r\n  data-poster=\"https:\/\/doderer.at\/wp-content\/plugins\/html5-audio-player\/shortcode\/player\/sticky-default.jpg\" \r\n  data-skin=\"default\" \r\n  data-title=\"Audio Title\" \r\n  data-song=\"https:\/\/doderer.at\/wp-content\/uploads\/2025\/08\/J.-DodererRauhnacht-Bl_serquintett-Nr.-1_2m.mp3\" \r\n  data-id=\"5377\" \r\n  data-options='{&quot;controls&quot;:[&quot;play&quot;,&quot;progress&quot;,&quot;duration&quot;,&quot;mute&quot;,&quot;volume&quot;,&quot;settings&quot;],&quot;seekTime&quot;:10,&quot;skin&quot;:&quot;default&quot;,&quot;title&quot;:&quot;Audio Title&quot;,&quot;author&quot;:&quot;Author Name&quot;,&quot;disableDownload&quot;:false,&quot;fusionDownload&quot;:true,&quot;color&quot;:&quot;skyblue&quot;,&quot;background&quot;:&quot;#333&quot;,&quot;repeat&quot;:false,&quot;type&quot;:&quot;opt-1&quot;,&quot;autoplay&quot;:true,&quot;muted&quot;:false,&quot;disablePause&quot;:false,&quot;startTime&quot;:0}'>\r\n    <audio  autoplay playsinline preload=\"auto\" class=\"player5377\" id=\"player5377\">\r\n      <source src=\"https:\/\/doderer.at\/wp-content\/uploads\/2025\/08\/J.-DodererRauhnacht-Bl_serquintett-Nr.-1_2m.mp3\" type=\"audio\/mp3\">\r\n        Your browser does not support the audio element.\r\n    <\/audio>\r\n          <div class=\"h5ap_lp\">\r\n        <div class=\"bar bar-1\"><\/div>\r\n        <div class=\"bar bar-1\"><\/div>\r\n      <\/div>\r\n      <\/div>\r\n<\/div><\/div>\n<\/div>\n<\/div>\n<\/div>\n<\/div>\n\n\t\t<\/div> \n\t<\/div> \n\t<div class=\"wpb_raw_code wpb_content_element wpb_raw_html vc_custom_1698833482479\" >\n\t\t<div class=\"wpb_wrapper\">\n\t\t\t<a href=\"javascript:history.back()\" style=\"color:#fff;\">\u21d0 back to overview<\/a>\n\t\t<\/div>\n\t<\/div>\n\n\t\t<\/div> \n\t<\/div> \n\n\t<div class=\"six columns vc-column-extra-class-69d7cbccb395c\" data-parallax_sense=\"30\">\n\t\t<div class=\"wpb_wrapper\">\n\t\t\t\r\n\t<div class=\"wpb_single_image wpb_content_element vc_align_left\" >\r\n\t\t<div class=\"wpb_wrapper\">\r\n\t\t\t\r\n\t\t\t<div class=\"vc_single_image-wrapper   vc_box_border_grey\" ><a class=\"prettyphoto\" rel=\"prettyPhoto[rel-5374-1008421395]\" href=\"https:\/\/doderer.at\/wp-content\/uploads\/2025\/08\/DWV-143-Rauhnacht-Seiten-1-3_Seite_1-724x1024.jpg\" target=\"_self\"><img loading=\"lazy\" decoding=\"async\" width=\"2339\" height=\"3309\" src=\"https:\/\/doderer.at\/wp-content\/uploads\/2025\/08\/DWV-143-Rauhnacht-Seiten-1-3_Seite_1.jpg\" class=\"vc_single_image-img attachment-full\" alt=\"\" title=\"DWV 143 Rauhnacht Seiten 1 -3_Seite_1\" srcset=\"https:\/\/doderer.at\/wp-content\/uploads\/2025\/08\/DWV-143-Rauhnacht-Seiten-1-3_Seite_1.jpg 2339w, https:\/\/doderer.at\/wp-content\/uploads\/2025\/08\/DWV-143-Rauhnacht-Seiten-1-3_Seite_1-212x300.jpg 212w, https:\/\/doderer.at\/wp-content\/uploads\/2025\/08\/DWV-143-Rauhnacht-Seiten-1-3_Seite_1-724x1024.jpg 724w, https:\/\/doderer.at\/wp-content\/uploads\/2025\/08\/DWV-143-Rauhnacht-Seiten-1-3_Seite_1-768x1086.jpg 768w, https:\/\/doderer.at\/wp-content\/uploads\/2025\/08\/DWV-143-Rauhnacht-Seiten-1-3_Seite_1-1086x1536.jpg 1086w, https:\/\/doderer.at\/wp-content\/uploads\/2025\/08\/DWV-143-Rauhnacht-Seiten-1-3_Seite_1-1448x2048.jpg 1448w, https:\/\/doderer.at\/wp-content\/uploads\/2025\/08\/DWV-143-Rauhnacht-Seiten-1-3_Seite_1-8x12.jpg 8w\" sizes=\"auto, (max-width: 2339px) 100vw, 2339px\" \/><\/a><\/div>\r\n\t\t\t\r\n\t\t<\/div>\r\n\t<\/div>\r\n\r\n\t<div class=\"wpb_single_image wpb_content_element vc_align_left\" >\r\n\t\t<div class=\"wpb_wrapper\">\r\n\t\t\t\r\n\t\t\t<div class=\"vc_single_image-wrapper   vc_box_border_grey\" ><a class=\"prettyphoto\" rel=\"prettyPhoto[rel-5374-990471548]\" href=\"https:\/\/doderer.at\/wp-content\/uploads\/2025\/08\/DWV-143-Rauhnacht-Seiten-1-3_Seite_2-724x1024.jpg\" target=\"_self\"><img loading=\"lazy\" decoding=\"async\" width=\"2339\" height=\"3309\" src=\"https:\/\/doderer.at\/wp-content\/uploads\/2025\/08\/DWV-143-Rauhnacht-Seiten-1-3_Seite_2.jpg\" class=\"vc_single_image-img attachment-full\" alt=\"\" title=\"DWV 143 Rauhnacht Seiten 1 -3_Seite_2\" srcset=\"https:\/\/doderer.at\/wp-content\/uploads\/2025\/08\/DWV-143-Rauhnacht-Seiten-1-3_Seite_2.jpg 2339w, https:\/\/doderer.at\/wp-content\/uploads\/2025\/08\/DWV-143-Rauhnacht-Seiten-1-3_Seite_2-212x300.jpg 212w, https:\/\/doderer.at\/wp-content\/uploads\/2025\/08\/DWV-143-Rauhnacht-Seiten-1-3_Seite_2-724x1024.jpg 724w, https:\/\/doderer.at\/wp-content\/uploads\/2025\/08\/DWV-143-Rauhnacht-Seiten-1-3_Seite_2-768x1086.jpg 768w, https:\/\/doderer.at\/wp-content\/uploads\/2025\/08\/DWV-143-Rauhnacht-Seiten-1-3_Seite_2-1086x1536.jpg 1086w, https:\/\/doderer.at\/wp-content\/uploads\/2025\/08\/DWV-143-Rauhnacht-Seiten-1-3_Seite_2-1448x2048.jpg 1448w, https:\/\/doderer.at\/wp-content\/uploads\/2025\/08\/DWV-143-Rauhnacht-Seiten-1-3_Seite_2-8x12.jpg 8w\" sizes=\"auto, (max-width: 2339px) 100vw, 2339px\" \/><\/a><\/div>\r\n\t\t\t\r\n\t\t<\/div>\r\n\t<\/div>\r\n\r\n\t<div class=\"wpb_single_image wpb_content_element vc_align_left\" >\r\n\t\t<div class=\"wpb_wrapper\">\r\n\t\t\t\r\n\t\t\t<div class=\"vc_single_image-wrapper   vc_box_border_grey\" ><a class=\"prettyphoto\" rel=\"prettyPhoto[rel-5374-270881178]\" href=\"https:\/\/doderer.at\/wp-content\/uploads\/2025\/08\/DWV-143-Rauhnacht-Seiten-1-3_Seite_3-724x1024.jpg\" target=\"_self\"><img loading=\"lazy\" decoding=\"async\" width=\"2339\" height=\"3309\" src=\"https:\/\/doderer.at\/wp-content\/uploads\/2025\/08\/DWV-143-Rauhnacht-Seiten-1-3_Seite_3.jpg\" class=\"vc_single_image-img attachment-full\" alt=\"\" title=\"DWV 143 Rauhnacht Seiten 1 -3_Seite_3\" srcset=\"https:\/\/doderer.at\/wp-content\/uploads\/2025\/08\/DWV-143-Rauhnacht-Seiten-1-3_Seite_3.jpg 2339w, https:\/\/doderer.at\/wp-content\/uploads\/2025\/08\/DWV-143-Rauhnacht-Seiten-1-3_Seite_3-212x300.jpg 212w, https:\/\/doderer.at\/wp-content\/uploads\/2025\/08\/DWV-143-Rauhnacht-Seiten-1-3_Seite_3-724x1024.jpg 724w, https:\/\/doderer.at\/wp-content\/uploads\/2025\/08\/DWV-143-Rauhnacht-Seiten-1-3_Seite_3-768x1086.jpg 768w, https:\/\/doderer.at\/wp-content\/uploads\/2025\/08\/DWV-143-Rauhnacht-Seiten-1-3_Seite_3-1086x1536.jpg 1086w, https:\/\/doderer.at\/wp-content\/uploads\/2025\/08\/DWV-143-Rauhnacht-Seiten-1-3_Seite_3-1448x2048.jpg 1448w, https:\/\/doderer.at\/wp-content\/uploads\/2025\/08\/DWV-143-Rauhnacht-Seiten-1-3_Seite_3-8x12.jpg 8w\" sizes=\"auto, (max-width: 2339px) 100vw, 2339px\" \/><\/a><\/div>\r\n\t\t\t\r\n\t\t<\/div>\r\n\t<\/div>\r\n\r\n\t<div class=\"wpb_single_image wpb_content_element vc_align_left\" >\r\n\t\t<div class=\"wpb_wrapper\">\r\n\t\t\t\r\n\t\t\t<div class=\"vc_single_image-wrapper   vc_box_border_grey\" ><a class=\"prettyphoto\" rel=\"prettyPhoto[rel-5374-1988606205]\" href=\"https:\/\/doderer.at\/wp-content\/uploads\/2025\/08\/DWV-143-Rauhnacht-Seiten-1-3_Seite_4-724x1024.jpg\" target=\"_self\"><img loading=\"lazy\" decoding=\"async\" width=\"2339\" height=\"3309\" src=\"https:\/\/doderer.at\/wp-content\/uploads\/2025\/08\/DWV-143-Rauhnacht-Seiten-1-3_Seite_4.jpg\" class=\"vc_single_image-img attachment-full\" alt=\"\" title=\"DWV 143 Rauhnacht Seiten 1 -3_Seite_4\" srcset=\"https:\/\/doderer.at\/wp-content\/uploads\/2025\/08\/DWV-143-Rauhnacht-Seiten-1-3_Seite_4.jpg 2339w, https:\/\/doderer.at\/wp-content\/uploads\/2025\/08\/DWV-143-Rauhnacht-Seiten-1-3_Seite_4-212x300.jpg 212w, https:\/\/doderer.at\/wp-content\/uploads\/2025\/08\/DWV-143-Rauhnacht-Seiten-1-3_Seite_4-724x1024.jpg 724w, https:\/\/doderer.at\/wp-content\/uploads\/2025\/08\/DWV-143-Rauhnacht-Seiten-1-3_Seite_4-768x1086.jpg 768w, https:\/\/doderer.at\/wp-content\/uploads\/2025\/08\/DWV-143-Rauhnacht-Seiten-1-3_Seite_4-1086x1536.jpg 1086w, https:\/\/doderer.at\/wp-content\/uploads\/2025\/08\/DWV-143-Rauhnacht-Seiten-1-3_Seite_4-1448x2048.jpg 1448w, https:\/\/doderer.at\/wp-content\/uploads\/2025\/08\/DWV-143-Rauhnacht-Seiten-1-3_Seite_4-8x12.jpg 8w\" sizes=\"auto, (max-width: 2339px) 100vw, 2339px\" \/><\/a><\/div>\r\n\t\t\t\r\n\t\t<\/div>\r\n\t<\/div>\r\n\n\t\t<\/div> <script type=\"text\/javascript\">(function($) {$(\"head\").append(\"<style>@media (max-width: 799px){.columns.vc-column-extra-class-69d7cbccb395c{padding-top: 40px !important;}}<\/style>\");})(jQuery);<\/script>\n\t<\/div> \n<\/div><div class=\"dfd-row-bg-overlay\" style=\"background-color: #000000;background-image: url(https:\/\/doderer.at\/wp-content\/plugins\/ronneby-core\/inc\/vc_custom\/dfd_vc_background\/patterns\/01.png);opacity: 0.4;\"><\/div><script type=\"text\/javascript\">(function($) {$(\"head\").append(\"<style>@media (max-width: 799px){.vc-row-wrapper.vc-row-responsive-69d7cbccb2bd8{padding-top: 0px !important;}}<\/style>\");})(jQuery);<\/script><\/div>\n<\/div>","protected":false},"excerpt":{"rendered":"DWV 143 | Rauhnacht f\u00fcr Bl\u00e4serquintett 2022 Besetzung: Fl\u00f6te, Oboe, Klarinette in B, Horn in F, Fagott Dauer 10 Minuten Rauhnacht (ein paar Gedanken zu dem Werk) Die Rauhna\u0308chte sind","protected":false},"author":3,"featured_media":0,"parent":0,"menu_order":0,"comment_status":"closed","ping_status":"closed","template":"page-custom.php","meta":{"footnotes":""},"class_list":["post-5374","page","type-page","status-publish","hentry"],"_links":{"self":[{"href":"https:\/\/doderer.at\/en\/wp-json\/wp\/v2\/pages\/5374","targetHints":{"allow":["GET"]}}],"collection":[{"href":"https:\/\/doderer.at\/en\/wp-json\/wp\/v2\/pages"}],"about":[{"href":"https:\/\/doderer.at\/en\/wp-json\/wp\/v2\/types\/page"}],"author":[{"embeddable":true,"href":"https:\/\/doderer.at\/en\/wp-json\/wp\/v2\/users\/3"}],"replies":[{"embeddable":true,"href":"https:\/\/doderer.at\/en\/wp-json\/wp\/v2\/comments?post=5374"}],"version-history":[{"count":5,"href":"https:\/\/doderer.at\/en\/wp-json\/wp\/v2\/pages\/5374\/revisions"}],"predecessor-version":[{"id":5387,"href":"https:\/\/doderer.at\/en\/wp-json\/wp\/v2\/pages\/5374\/revisions\/5387"}],"wp:attachment":[{"href":"https:\/\/doderer.at\/en\/wp-json\/wp\/v2\/media?parent=5374"}],"curies":[{"name":"wp","href":"https:\/\/api.w.org\/{rel}","templated":true}]}}