{"id":5396,"date":"2025-08-22T12:09:35","date_gmt":"2025-08-22T10:09:35","guid":{"rendered":"https:\/\/doderer.at\/?page_id=5396"},"modified":"2025-08-22T12:18:32","modified_gmt":"2025-08-22T10:18:32","slug":"dwv116","status":"publish","type":"page","link":"https:\/\/doderer.at\/en\/dwv116","title":{"rendered":"dwv116"},"content":{"rendered":"<div class=\"wpb-content-wrapper\"><div  class=\"vc_row vc-row-wrapper full_width_content vc-row-responsive-69d7cb14bc05c vc_custom_1736695417029\" data-parallax_sense=\"30\"><div class=\"wpb_row row\" >\n\t<div class=\"twelve columns vc-column-extra-class-69d7cb14bc44c\" data-parallax_sense=\"30\">\n\t\t<div class=\"wpb_wrapper\">\n\t\t\t\r\n\t<div class=\"wpb_single_image wpb_content_element vc_align_left\" >\r\n\t\t<div class=\"wpb_wrapper\">\r\n\t\t\t\r\n\t\t\t<div class=\"vc_single_image-wrapper   vc_box_border_grey\" ><img loading=\"lazy\" decoding=\"async\" width=\"1920\" height=\"130\" src=\"https:\/\/doderer.at\/wp-content\/uploads\/2025\/01\/werke_small-3.jpg\" class=\"vc_single_image-img attachment-full\" alt=\"\" title=\"werke_small\" srcset=\"https:\/\/doderer.at\/wp-content\/uploads\/2025\/01\/werke_small-3.jpg 1920w, https:\/\/doderer.at\/wp-content\/uploads\/2025\/01\/werke_small-3-300x20.jpg 300w, https:\/\/doderer.at\/wp-content\/uploads\/2025\/01\/werke_small-3-1024x69.jpg 1024w, https:\/\/doderer.at\/wp-content\/uploads\/2025\/01\/werke_small-3-768x52.jpg 768w, https:\/\/doderer.at\/wp-content\/uploads\/2025\/01\/werke_small-3-1536x104.jpg 1536w\" sizes=\"auto, (max-width: 1920px) 100vw, 1920px\" \/><\/div>\r\n\t\t\t\r\n\t\t<\/div>\r\n\t<\/div>\r\n\n\t\t<\/div> \n\t<\/div> \n<\/div><div class=\"dfd-row-bg-overlay\" style=\"opacity: 0.8;\"><\/div><script type=\"text\/javascript\">(function($) {$(\"head\").append(\"<style>@media (max-width: 799px){.vc-row-wrapper.vc-row-responsive-69d7cb14bc05c{padding-top: 0px !important;padding-bottom: 40px !important;}}<\/style>\");})(jQuery);<\/script><\/div><div  class=\"vc_row vc-row-wrapper dfd-background-dark vc-row-responsive-69d7cb14bcc39 vc_custom_1736695347369\" data-parallax_sense=\"30\"><div class=\"wpb_row row\" >\n\t<div class=\"six columns vc-column-extra-class-69d7cb14bceb3\" data-parallax_sense=\"30\">\n\t\t<div class=\"wpb_wrapper\">\n\t\t\t\n\t<div class=\"wpb_text_column wpb_content_element\" >\n\t\t<div class=\"wpb_wrapper\">\n\t\t\t<h2>DWV116 | Traisentall\u00e4ndler<\/h2>\n<p>For 2 pianos or piano 4 hands<\/p>\n<p>Musikverlag Doblinger<\/p>\n<p>Duration 12\u00b4<\/p>\n\n\t\t<\/div> \n\t<\/div> \n\t<div class=\"wpb_raw_code wpb_content_element wpb_raw_html vc_custom_1698833482479\" >\n\t\t<div class=\"wpb_wrapper\">\n\t\t\t<a href=\"javascript:history.back()\" style=\"color:#fff;\">\u21d0 back to overview<\/a>\n\t\t<\/div>\n\t<\/div>\n\n\t\t<\/div> \n\t<\/div> \n\n\t<div class=\"six columns vc-column-extra-class-69d7cb14bd58b\" data-parallax_sense=\"30\">\n\t\t<div class=\"wpb_wrapper\">\n\t\t\t\r\n\t<div class=\"wpb_single_image wpb_content_element vc_align_left\" >\r\n\t\t<div class=\"wpb_wrapper\">\r\n\t\t\t\r\n\t\t\t<div class=\"vc_single_image-wrapper   vc_box_border_grey\" ><a class=\"prettyphoto\" rel=\"prettyPhoto[rel-5396-1543977928]\" href=\"https:\/\/doderer.at\/wp-content\/uploads\/2025\/08\/DWV-116-Traisentallaendler-Einzelseite-ENDFASSUNG_Seite_1-1024x724.jpg\" target=\"_self\"><img loading=\"lazy\" decoding=\"async\" width=\"2339\" height=\"1654\" src=\"https:\/\/doderer.at\/wp-content\/uploads\/2025\/08\/DWV-116-Traisentallaendler-Einzelseite-ENDFASSUNG_Seite_1.jpg\" class=\"vc_single_image-img attachment-full\" alt=\"\" title=\"DWV 116 Traisentalla\u0308ndler Einzelseite ENDFASSUNG_Seite_1\" srcset=\"https:\/\/doderer.at\/wp-content\/uploads\/2025\/08\/DWV-116-Traisentallaendler-Einzelseite-ENDFASSUNG_Seite_1.jpg 2339w, https:\/\/doderer.at\/wp-content\/uploads\/2025\/08\/DWV-116-Traisentallaendler-Einzelseite-ENDFASSUNG_Seite_1-300x212.jpg 300w, https:\/\/doderer.at\/wp-content\/uploads\/2025\/08\/DWV-116-Traisentallaendler-Einzelseite-ENDFASSUNG_Seite_1-1024x724.jpg 1024w, https:\/\/doderer.at\/wp-content\/uploads\/2025\/08\/DWV-116-Traisentallaendler-Einzelseite-ENDFASSUNG_Seite_1-768x543.jpg 768w, https:\/\/doderer.at\/wp-content\/uploads\/2025\/08\/DWV-116-Traisentallaendler-Einzelseite-ENDFASSUNG_Seite_1-1536x1086.jpg 1536w, https:\/\/doderer.at\/wp-content\/uploads\/2025\/08\/DWV-116-Traisentallaendler-Einzelseite-ENDFASSUNG_Seite_1-2048x1448.jpg 2048w, https:\/\/doderer.at\/wp-content\/uploads\/2025\/08\/DWV-116-Traisentallaendler-Einzelseite-ENDFASSUNG_Seite_1-18x12.jpg 18w\" sizes=\"auto, (max-width: 2339px) 100vw, 2339px\" \/><\/a><\/div>\r\n\t\t\t\r\n\t\t<\/div>\r\n\t<\/div>\r\n\r\n\t<div class=\"wpb_single_image wpb_content_element vc_align_left\" >\r\n\t\t<div class=\"wpb_wrapper\">\r\n\t\t\t\r\n\t\t\t<div class=\"vc_single_image-wrapper   vc_box_border_grey\" ><a class=\"prettyphoto\" rel=\"prettyPhoto[rel-5396-1096943203]\" href=\"https:\/\/doderer.at\/wp-content\/uploads\/2025\/08\/DWV-116-Traisentallaendler-Einzelseite-ENDFASSUNG_Seite_2-1024x724.jpg\" target=\"_self\"><img loading=\"lazy\" decoding=\"async\" width=\"2339\" height=\"1654\" src=\"https:\/\/doderer.at\/wp-content\/uploads\/2025\/08\/DWV-116-Traisentallaendler-Einzelseite-ENDFASSUNG_Seite_2.jpg\" class=\"vc_single_image-img attachment-full\" alt=\"\" title=\"DWV 116 Traisentalla\u0308ndler Einzelseite ENDFASSUNG_Seite_2\" srcset=\"https:\/\/doderer.at\/wp-content\/uploads\/2025\/08\/DWV-116-Traisentallaendler-Einzelseite-ENDFASSUNG_Seite_2.jpg 2339w, https:\/\/doderer.at\/wp-content\/uploads\/2025\/08\/DWV-116-Traisentallaendler-Einzelseite-ENDFASSUNG_Seite_2-300x212.jpg 300w, https:\/\/doderer.at\/wp-content\/uploads\/2025\/08\/DWV-116-Traisentallaendler-Einzelseite-ENDFASSUNG_Seite_2-1024x724.jpg 1024w, https:\/\/doderer.at\/wp-content\/uploads\/2025\/08\/DWV-116-Traisentallaendler-Einzelseite-ENDFASSUNG_Seite_2-768x543.jpg 768w, https:\/\/doderer.at\/wp-content\/uploads\/2025\/08\/DWV-116-Traisentallaendler-Einzelseite-ENDFASSUNG_Seite_2-1536x1086.jpg 1536w, https:\/\/doderer.at\/wp-content\/uploads\/2025\/08\/DWV-116-Traisentallaendler-Einzelseite-ENDFASSUNG_Seite_2-2048x1448.jpg 2048w, https:\/\/doderer.at\/wp-content\/uploads\/2025\/08\/DWV-116-Traisentallaendler-Einzelseite-ENDFASSUNG_Seite_2-18x12.jpg 18w\" sizes=\"auto, (max-width: 2339px) 100vw, 2339px\" \/><\/a><\/div>\r\n\t\t\t\r\n\t\t<\/div>\r\n\t<\/div>\r\n\n\t\t<\/div> <script type=\"text\/javascript\">(function($) {$(\"head\").append(\"<style>@media (max-width: 799px){.columns.vc-column-extra-class-69d7cb14bd58b{padding-top: 40px !important;}}<\/style>\");})(jQuery);<\/script>\n\t<\/div> \n<\/div><div class=\"dfd-row-bg-overlay\" style=\"background-color: #000000;background-image: url(https:\/\/doderer.at\/wp-content\/plugins\/ronneby-core\/inc\/vc_custom\/dfd_vc_background\/patterns\/01.png);opacity: 0.4;\"><\/div><script type=\"text\/javascript\">(function($) {$(\"head\").append(\"<style>@media (max-width: 799px){.vc-row-wrapper.vc-row-responsive-69d7cb14bcc39{padding-top: 0px !important;}}<\/style>\");})(jQuery);<\/script><\/div>\n<\/div>","protected":false},"excerpt":{"rendered":"DWV116 | Traisentall\u00e4ndler F\u00fcr 2 Klaviere oder Klavier zu 4 H\u00e4nden Musikverlag Doblinger Dauer 12 Minuten \u21d0 zur\u00fcck zur \u00dcbersicht","protected":false},"author":3,"featured_media":0,"parent":0,"menu_order":0,"comment_status":"closed","ping_status":"closed","template":"page-custom.php","meta":{"footnotes":""},"class_list":["post-5396","page","type-page","status-publish","hentry"],"_links":{"self":[{"href":"https:\/\/doderer.at\/en\/wp-json\/wp\/v2\/pages\/5396","targetHints":{"allow":["GET"]}}],"collection":[{"href":"https:\/\/doderer.at\/en\/wp-json\/wp\/v2\/pages"}],"about":[{"href":"https:\/\/doderer.at\/en\/wp-json\/wp\/v2\/types\/page"}],"author":[{"embeddable":true,"href":"https:\/\/doderer.at\/en\/wp-json\/wp\/v2\/users\/3"}],"replies":[{"embeddable":true,"href":"https:\/\/doderer.at\/en\/wp-json\/wp\/v2\/comments?post=5396"}],"version-history":[{"count":2,"href":"https:\/\/doderer.at\/en\/wp-json\/wp\/v2\/pages\/5396\/revisions"}],"predecessor-version":[{"id":5407,"href":"https:\/\/doderer.at\/en\/wp-json\/wp\/v2\/pages\/5396\/revisions\/5407"}],"wp:attachment":[{"href":"https:\/\/doderer.at\/en\/wp-json\/wp\/v2\/media?parent=5396"}],"curies":[{"name":"wp","href":"https:\/\/api.w.org\/{rel}","templated":true}]}}