{"id":5401,"date":"2025-08-22T12:15:55","date_gmt":"2025-08-22T10:15:55","guid":{"rendered":"https:\/\/doderer.at\/?page_id=5401"},"modified":"2025-08-22T12:37:37","modified_gmt":"2025-08-22T10:37:37","slug":"dwv98","status":"publish","type":"page","link":"https:\/\/doderer.at\/en\/dwv98","title":{"rendered":"dwv98"},"content":{"rendered":"<div class=\"wpb-content-wrapper\"><div  class=\"vc_row vc-row-wrapper full_width_content vc-row-responsive-69d7c9ba6972f vc_custom_1736695417029\" data-parallax_sense=\"30\"><div class=\"wpb_row row\" >\n\t<div class=\"twelve columns vc-column-extra-class-69d7c9ba69a26\" data-parallax_sense=\"30\">\n\t\t<div class=\"wpb_wrapper\">\n\t\t\t\r\n\t<div class=\"wpb_single_image wpb_content_element vc_align_left\" >\r\n\t\t<div class=\"wpb_wrapper\">\r\n\t\t\t\r\n\t\t\t<div class=\"vc_single_image-wrapper   vc_box_border_grey\" ><img loading=\"lazy\" decoding=\"async\" width=\"1920\" height=\"130\" src=\"https:\/\/doderer.at\/wp-content\/uploads\/2025\/01\/werke_small-3.jpg\" class=\"vc_single_image-img attachment-full\" alt=\"\" title=\"werke_small\" srcset=\"https:\/\/doderer.at\/wp-content\/uploads\/2025\/01\/werke_small-3.jpg 1920w, https:\/\/doderer.at\/wp-content\/uploads\/2025\/01\/werke_small-3-300x20.jpg 300w, https:\/\/doderer.at\/wp-content\/uploads\/2025\/01\/werke_small-3-1024x69.jpg 1024w, https:\/\/doderer.at\/wp-content\/uploads\/2025\/01\/werke_small-3-768x52.jpg 768w, https:\/\/doderer.at\/wp-content\/uploads\/2025\/01\/werke_small-3-1536x104.jpg 1536w\" sizes=\"auto, (max-width: 1920px) 100vw, 1920px\" \/><\/div>\r\n\t\t\t\r\n\t\t<\/div>\r\n\t<\/div>\r\n\n\t\t<\/div> \n\t<\/div> \n<\/div><div class=\"dfd-row-bg-overlay\" style=\"opacity: 0.8;\"><\/div><script type=\"text\/javascript\">(function($) {$(\"head\").append(\"<style>@media (max-width: 799px){.vc-row-wrapper.vc-row-responsive-69d7c9ba6972f{padding-top: 0px !important;padding-bottom: 40px !important;}}<\/style>\");})(jQuery);<\/script><\/div><div  class=\"vc_row vc-row-wrapper dfd-background-dark vc-row-responsive-69d7c9ba6a0f3 vc_custom_1736695347369\" data-parallax_sense=\"30\"><div class=\"wpb_row row\" >\n\t<div class=\"six columns vc-column-extra-class-69d7c9ba6a2c3\" data-parallax_sense=\"30\">\n\t\t<div class=\"wpb_wrapper\">\n\t\t\t\n\t<div class=\"wpb_text_column wpb_content_element\" >\n\t\t<div class=\"wpb_wrapper\">\n\t\t\t<h2>DWV 98 | Like the sun<\/h2>\n<p>for piano 4 hands or for 2 pianos<\/p>\n<p>Musikverlag Doblinger<\/p>\n<p>Duration 12\u00b4<\/p>\n\n\t\t<\/div> \n\t<\/div> \n\t<div class=\"wpb_text_column wpb_content_element  vc_custom_1755859053416\" >\n\t\t<div class=\"wpb_wrapper\">\n\t\t\t<div class=\"shortcode\"><style>\r\n .player5409  .plyr__controls,\r\n .player5409 .StampAudioPlayerSkin{\r\n  border-radius: 10px;\r\n  overflow: hidden;\r\n }\r\n .player5409{\r\n  margin: 0 auto; }\r\n .player5409 .plyr__controls .plyr__controls {\r\n   border-radius: none;\r\n   overflow: visible;\r\n }\r\n .skin_default .player5409 .plyr__controls {\r\n   overflow: visible;\r\n }\r\n <\/style>\r\n<div class=\"skin_default\" id=\"skin_default\">\r\n  <div style=\"width:100%;--plyr-color-bg:#333\" class=\"h5ap_standard_player player5409\" \r\n  data-poster=\"https:\/\/doderer.at\/wp-content\/plugins\/html5-audio-player\/shortcode\/player\/sticky-default.jpg\" \r\n  data-skin=\"default\" \r\n  data-title=\"Audio Title\" \r\n  data-song=\"https:\/\/doderer.at\/wp-content\/uploads\/2025\/08\/Doderer_Like-The-Sun-Teil-3.mp3\" \r\n  data-id=\"5409\" \r\n  data-options='{&quot;controls&quot;:[&quot;play&quot;,&quot;progress&quot;,&quot;duration&quot;,&quot;mute&quot;,&quot;volume&quot;,&quot;settings&quot;],&quot;seekTime&quot;:10,&quot;skin&quot;:&quot;default&quot;,&quot;title&quot;:&quot;Audio Title&quot;,&quot;author&quot;:&quot;Author Name&quot;,&quot;disableDownload&quot;:false,&quot;fusionDownload&quot;:true,&quot;color&quot;:&quot;skyblue&quot;,&quot;background&quot;:&quot;#333&quot;,&quot;repeat&quot;:false,&quot;type&quot;:&quot;opt-1&quot;,&quot;autoplay&quot;:true,&quot;muted&quot;:false,&quot;disablePause&quot;:false,&quot;startTime&quot;:0}'>\r\n    <audio  autoplay playsinline preload=\"auto\" class=\"player5409\" id=\"player5409\">\r\n      <source src=\"https:\/\/doderer.at\/wp-content\/uploads\/2025\/08\/Doderer_Like-The-Sun-Teil-3.mp3\" type=\"audio\/mp3\">\r\n        Your browser does not support the audio element.\r\n    <\/audio>\r\n          <div class=\"h5ap_lp\">\r\n        <div class=\"bar bar-1\"><\/div>\r\n        <div class=\"bar bar-1\"><\/div>\r\n      <\/div>\r\n      <\/div>\r\n<\/div><\/div>\n\n\t\t<\/div> \n\t<\/div> \n\t<div class=\"wpb_raw_code wpb_content_element wpb_raw_html vc_custom_1698833482479\" >\n\t\t<div class=\"wpb_wrapper\">\n\t\t\t<a href=\"javascript:history.back()\" style=\"color:#fff;\">\u21d0 back to overview<\/a>\n\t\t<\/div>\n\t<\/div>\n\n\t\t<\/div> \n\t<\/div> \n\n\t<div class=\"six columns vc-column-extra-class-69d7c9ba6ac3b\" data-parallax_sense=\"30\">\n\t\t<div class=\"wpb_wrapper\">\n\t\t\t\r\n\t<div class=\"wpb_single_image wpb_content_element vc_align_left\" >\r\n\t\t<div class=\"wpb_wrapper\">\r\n\t\t\t\r\n\t\t\t<div class=\"vc_single_image-wrapper   vc_box_border_grey\" ><a class=\"prettyphoto\" rel=\"prettyPhoto[rel-5401-993042221]\" href=\"https:\/\/doderer.at\/wp-content\/uploads\/2025\/08\/DWV-98-like-the-sun-4-Haende-1-Klavier-Endfassung.mus_Seite_1-1024x724.jpg\" target=\"_self\"><img loading=\"lazy\" decoding=\"async\" width=\"2339\" height=\"1653\" src=\"https:\/\/doderer.at\/wp-content\/uploads\/2025\/08\/DWV-98-like-the-sun-4-Haende-1-Klavier-Endfassung.mus_Seite_1.jpg\" class=\"vc_single_image-img attachment-full\" alt=\"\" title=\"DWV 98 like the sun 4 Ha\u0308nde 1 Klavier Endfassung.mus_Seite_1\" srcset=\"https:\/\/doderer.at\/wp-content\/uploads\/2025\/08\/DWV-98-like-the-sun-4-Haende-1-Klavier-Endfassung.mus_Seite_1.jpg 2339w, https:\/\/doderer.at\/wp-content\/uploads\/2025\/08\/DWV-98-like-the-sun-4-Haende-1-Klavier-Endfassung.mus_Seite_1-300x212.jpg 300w, https:\/\/doderer.at\/wp-content\/uploads\/2025\/08\/DWV-98-like-the-sun-4-Haende-1-Klavier-Endfassung.mus_Seite_1-1024x724.jpg 1024w, https:\/\/doderer.at\/wp-content\/uploads\/2025\/08\/DWV-98-like-the-sun-4-Haende-1-Klavier-Endfassung.mus_Seite_1-768x543.jpg 768w, https:\/\/doderer.at\/wp-content\/uploads\/2025\/08\/DWV-98-like-the-sun-4-Haende-1-Klavier-Endfassung.mus_Seite_1-1536x1086.jpg 1536w, https:\/\/doderer.at\/wp-content\/uploads\/2025\/08\/DWV-98-like-the-sun-4-Haende-1-Klavier-Endfassung.mus_Seite_1-2048x1447.jpg 2048w, https:\/\/doderer.at\/wp-content\/uploads\/2025\/08\/DWV-98-like-the-sun-4-Haende-1-Klavier-Endfassung.mus_Seite_1-18x12.jpg 18w\" sizes=\"auto, (max-width: 2339px) 100vw, 2339px\" \/><\/a><\/div>\r\n\t\t\t\r\n\t\t<\/div>\r\n\t<\/div>\r\n\r\n\t<div class=\"wpb_single_image wpb_content_element vc_align_left\" >\r\n\t\t<div class=\"wpb_wrapper\">\r\n\t\t\t\r\n\t\t\t<div class=\"vc_single_image-wrapper   vc_box_border_grey\" ><a class=\"prettyphoto\" rel=\"prettyPhoto[rel-5401-410291572]\" href=\"https:\/\/doderer.at\/wp-content\/uploads\/2025\/08\/DWV-98-like-the-sun-4-Haende-1-Klavier-Endfassung.mus_Seite_2-1024x724.jpg\" target=\"_self\"><img loading=\"lazy\" decoding=\"async\" width=\"2339\" height=\"1653\" src=\"https:\/\/doderer.at\/wp-content\/uploads\/2025\/08\/DWV-98-like-the-sun-4-Haende-1-Klavier-Endfassung.mus_Seite_2.jpg\" class=\"vc_single_image-img attachment-full\" alt=\"\" title=\"DWV 98 like the sun 4 Ha\u0308nde 1 Klavier Endfassung.mus_Seite_2\" srcset=\"https:\/\/doderer.at\/wp-content\/uploads\/2025\/08\/DWV-98-like-the-sun-4-Haende-1-Klavier-Endfassung.mus_Seite_2.jpg 2339w, https:\/\/doderer.at\/wp-content\/uploads\/2025\/08\/DWV-98-like-the-sun-4-Haende-1-Klavier-Endfassung.mus_Seite_2-300x212.jpg 300w, https:\/\/doderer.at\/wp-content\/uploads\/2025\/08\/DWV-98-like-the-sun-4-Haende-1-Klavier-Endfassung.mus_Seite_2-1024x724.jpg 1024w, https:\/\/doderer.at\/wp-content\/uploads\/2025\/08\/DWV-98-like-the-sun-4-Haende-1-Klavier-Endfassung.mus_Seite_2-768x543.jpg 768w, https:\/\/doderer.at\/wp-content\/uploads\/2025\/08\/DWV-98-like-the-sun-4-Haende-1-Klavier-Endfassung.mus_Seite_2-1536x1086.jpg 1536w, https:\/\/doderer.at\/wp-content\/uploads\/2025\/08\/DWV-98-like-the-sun-4-Haende-1-Klavier-Endfassung.mus_Seite_2-2048x1447.jpg 2048w, https:\/\/doderer.at\/wp-content\/uploads\/2025\/08\/DWV-98-like-the-sun-4-Haende-1-Klavier-Endfassung.mus_Seite_2-18x12.jpg 18w\" sizes=\"auto, (max-width: 2339px) 100vw, 2339px\" \/><\/a><\/div>\r\n\t\t\t\r\n\t\t<\/div>\r\n\t<\/div>\r\n\n\t\t<\/div> <script type=\"text\/javascript\">(function($) {$(\"head\").append(\"<style>@media (max-width: 799px){.columns.vc-column-extra-class-69d7c9ba6ac3b{padding-top: 40px !important;}}<\/style>\");})(jQuery);<\/script>\n\t<\/div> \n<\/div><div class=\"dfd-row-bg-overlay\" style=\"background-color: #000000;background-image: url(https:\/\/doderer.at\/wp-content\/plugins\/ronneby-core\/inc\/vc_custom\/dfd_vc_background\/patterns\/01.png);opacity: 0.4;\"><\/div><script type=\"text\/javascript\">(function($) {$(\"head\").append(\"<style>@media (max-width: 799px){.vc-row-wrapper.vc-row-responsive-69d7c9ba6a0f3{padding-top: 0px !important;}}<\/style>\");})(jQuery);<\/script><\/div>\n<\/div>","protected":false},"excerpt":{"rendered":"DWV 98 | Like the sun f\u00fcr Klavier zu 4 H\u00e4nden oder f\u00fcr 2 Klaviere Musikverlag Doblinger Dauer 12 Minuten Your browser does not support the audio element. \u21d0 zur\u00fcck","protected":false},"author":3,"featured_media":0,"parent":0,"menu_order":0,"comment_status":"closed","ping_status":"closed","template":"page-custom.php","meta":{"footnotes":""},"class_list":["post-5401","page","type-page","status-publish","hentry"],"_links":{"self":[{"href":"https:\/\/doderer.at\/en\/wp-json\/wp\/v2\/pages\/5401","targetHints":{"allow":["GET"]}}],"collection":[{"href":"https:\/\/doderer.at\/en\/wp-json\/wp\/v2\/pages"}],"about":[{"href":"https:\/\/doderer.at\/en\/wp-json\/wp\/v2\/types\/page"}],"author":[{"embeddable":true,"href":"https:\/\/doderer.at\/en\/wp-json\/wp\/v2\/users\/3"}],"replies":[{"embeddable":true,"href":"https:\/\/doderer.at\/en\/wp-json\/wp\/v2\/comments?post=5401"}],"version-history":[{"count":3,"href":"https:\/\/doderer.at\/en\/wp-json\/wp\/v2\/pages\/5401\/revisions"}],"predecessor-version":[{"id":5412,"href":"https:\/\/doderer.at\/en\/wp-json\/wp\/v2\/pages\/5401\/revisions\/5412"}],"wp:attachment":[{"href":"https:\/\/doderer.at\/en\/wp-json\/wp\/v2\/media?parent=5401"}],"curies":[{"name":"wp","href":"https:\/\/api.w.org\/{rel}","templated":true}]}}