{"id":5421,"date":"2025-08-28T08:35:51","date_gmt":"2025-08-28T06:35:51","guid":{"rendered":"https:\/\/doderer.at\/?page_id=5421"},"modified":"2025-11-04T11:36:10","modified_gmt":"2025-11-04T10:36:10","slug":"cirquedeau","status":"publish","type":"page","link":"https:\/\/doderer.at\/en\/cirquedeau","title":{"rendered":"cirquedeau"},"content":{"rendered":"<div class=\"wpb-content-wrapper\"><div  class=\"vc_row vc-row-wrapper full_width_content vc-row-responsive-69eb6673d6ce2\" data-parallax_sense=\"30\"><div class=\"wpb_row row\" >\n\t<div class=\"twelve dfd_vc_hidden-xs columns vc-column-extra-class-69eb6673d7613\" data-parallax_sense=\"30\">\n\t\t<div class=\"wpb_wrapper\">\n\t\t\t\r\n\t<div class=\"wpb_single_image wpb_content_element vc_align_left\" >\r\n\t\t<div class=\"wpb_wrapper\">\r\n\t\t\t\r\n\t\t\t<div class=\"vc_single_image-wrapper   vc_box_border_grey\" ><img loading=\"lazy\" decoding=\"async\" width=\"1920\" height=\"1080\" src=\"https:\/\/doderer.at\/wp-content\/uploads\/2025\/08\/cirquedeau_banner.jpg\" class=\"vc_single_image-img attachment-full\" alt=\"\" title=\"cirque d\u00b4eau\" srcset=\"https:\/\/doderer.at\/wp-content\/uploads\/2025\/08\/cirquedeau_banner.jpg 1920w, https:\/\/doderer.at\/wp-content\/uploads\/2025\/08\/cirquedeau_banner-300x169.jpg 300w, https:\/\/doderer.at\/wp-content\/uploads\/2025\/08\/cirquedeau_banner-1024x576.jpg 1024w, https:\/\/doderer.at\/wp-content\/uploads\/2025\/08\/cirquedeau_banner-768x432.jpg 768w, https:\/\/doderer.at\/wp-content\/uploads\/2025\/08\/cirquedeau_banner-1536x864.jpg 1536w, https:\/\/doderer.at\/wp-content\/uploads\/2025\/08\/cirquedeau_banner-18x10.jpg 18w\" sizes=\"auto, (max-width: 1920px) 100vw, 1920px\" \/><\/div>\r\n\t\t\t\r\n\t\t<\/div>\r\n\t<\/div>\r\n\n\t\t<\/div> \n\t<\/div> \n<\/div><script type=\"text\/javascript\">(function($) {$(\"head\").append(\"<style>@media (max-width: 799px){.vc-row-wrapper.vc-row-responsive-69eb6673d6ce2{padding-top: 0px !important;padding-bottom: 0px !important;}}<\/style>\");})(jQuery);<\/script><\/div><div  class=\"vc_row vc-row-wrapper full_width_content vc-row-responsive-69eb6673d831c\" data-parallax_sense=\"30\"><div class=\"wpb_row row\" >\n\t<div class=\"twelve dfd_vc_hidden-lg dfd_vc_hidden-md dfd_vc_hidden-sm columns vc-column-extra-class-69eb6673d852d vc_custom_1756367725824\" data-parallax_sense=\"30\">\n\t\t<div class=\"wpb_wrapper\">\n\t\t\t\r\n\t<div class=\"wpb_single_image wpb_content_element vc_align_left\" >\r\n\t\t<div class=\"wpb_wrapper\">\r\n\t\t\t\r\n\t\t\t<div class=\"vc_single_image-wrapper   vc_box_border_grey\" ><img loading=\"lazy\" decoding=\"async\" width=\"1080\" height=\"1920\" src=\"https:\/\/doderer.at\/wp-content\/uploads\/2025\/08\/cirquedeau_banner_mobile-1.jpg\" class=\"vc_single_image-img attachment-full\" alt=\"\" title=\"cirque d\u00b4eau\" srcset=\"https:\/\/doderer.at\/wp-content\/uploads\/2025\/08\/cirquedeau_banner_mobile-1.jpg 1080w, https:\/\/doderer.at\/wp-content\/uploads\/2025\/08\/cirquedeau_banner_mobile-1-169x300.jpg 169w, https:\/\/doderer.at\/wp-content\/uploads\/2025\/08\/cirquedeau_banner_mobile-1-576x1024.jpg 576w, https:\/\/doderer.at\/wp-content\/uploads\/2025\/08\/cirquedeau_banner_mobile-1-768x1365.jpg 768w, https:\/\/doderer.at\/wp-content\/uploads\/2025\/08\/cirquedeau_banner_mobile-1-864x1536.jpg 864w, https:\/\/doderer.at\/wp-content\/uploads\/2025\/08\/cirquedeau_banner_mobile-1-7x12.jpg 7w\" sizes=\"auto, (max-width: 1080px) 100vw, 1080px\" \/><\/div>\r\n\t\t\t\r\n\t\t<\/div>\r\n\t<\/div>\r\n\n\t\t<\/div> \n\t<\/div> \n<\/div><script type=\"text\/javascript\">(function($) {$(\"head\").append(\"<style>@media (max-width: 799px){.vc-row-wrapper.vc-row-responsive-69eb6673d831c{padding-top: 0px !important;padding-bottom: 0px !important;}}<\/style>\");})(jQuery);<\/script><\/div><div  class=\"vc_row vc-row-wrapper dfd-row-full-height dfd-row-content-middle\" data-parallax_sense=\"30\"><div class=\"wpb_row row\" >\n\t<div class=\"twelve columns vc-column-extra-class-69eb6673d8d98\" data-parallax_sense=\"30\">\n\t\t<div class=\"wpb_wrapper\">\n\t\t\t<div class=\"dfd-animated-text-wrap\" id=\"dfd-animated-text-69eb6673d8eb7\"><div class=\"dfd-animated-text-block  text-center\" ><span class=\"dfd-animate-text\"><span class=\"dfd-animated-text-string  changethewords\" data-remove-hover=\"true\" data-lang=\"en\" data-id=\"1\" data-load=\"onload\" style=\"\">Willkommen<\/span><span class=\"dfd-animated-text-string  changethewords\" data-remove-hover=\"true\" data-lang=\"en\" data-id=\"2\" data-load=\"onload\" style=\"\">Welcome<\/span><span class=\"dfd-animated-text-string  changethewords\" data-remove-hover=\"true\" data-lang=\"en\" data-id=\"3\" data-load=\"onload\" style=\"\">Bienvenue<\/span><span class=\"dfd-animated-text-string  changethewords\" data-remove-hover=\"true\" data-lang=\"en\" data-id=\"4\" data-load=\"onload\" style=\"\">Benvenuto<\/span><span class=\"dfd-animated-text-string  changethewords\" data-remove-hover=\"true\" data-lang=\"en\" data-id=\"5\" data-load=\"onload\" style=\"\">V\u00edtejte<\/span><span class=\"dfd-animated-text-string  changethewords\" data-remove-hover=\"true\" data-lang=\"en\" data-id=\"6\" data-load=\"onload\" style=\"\">Khosh amadid<\/span><\/span><\/div><script type=\"text\/javascript\">\r\n\t\t\t\t\t\t\t\t\t(function($) {$(document).ready(function() {$(\"#dfd-animated-text-69eb6673d8eb7 .dfd-animate-text\").changeWords({\r\n\t\t\t\t\t\t\t\t\t\tanimate: \"fadeIn\",\r\n\t\t\t\t\t\t\t\t\t\tselector: \"span\",\r\n\t\t\t\t\t\t\t\t\t\ttime: 2000\r\n\t\t\t\t\t\t\t\t\t});});$(\"head\").append(\"<style>#dfd-animated-text-69eb6673d8eb7.dfd-animated-text-wrap .dfd-animated-text-block span.dfd-animate-text span, #dfd-animated-text-69eb6673d8eb7.dfd-animated-text-wrap .dfd-animated-text-block span.dfd-animate-me {font-family:Rosario; font-weight:400; font-style:normal; font-size: 160px; line-height: 200px; }#dfd-animated-text-69eb6673d8eb7.dfd-animated-text-wrap .dfd-animated-text-block span.dfd-anim-prefix {color: #000000;}#dfd-animated-text-69eb6673d8eb7.dfd-animated-text-wrap .dfd-animated-text-block span.dfd-anim-postfix {color: #000000;}@media (max-width: 799px) {#dfd-animated-text-69eb6673d8eb7 {min-height: 20px;}}@media (max-width: 799px){#dfd-animated-text-69eb6673d8eb7.dfd-animated-text-wrap .dfd-animated-text-block span.dfd-animate-text, #dfd-animated-text-69eb6673d8eb7.dfd-animated-text-wrap .dfd-animated-text-block span.dfd-animate-text span, #dfd-animated-text-69eb6673d8eb7.dfd-animated-text-wrap .dfd-animated-text-block span.dfd-animate-me, #dfd-animated-text-69eb6673d8eb7.dfd-animated-text-wrap .dfd-animated-text-block span.typed-cursor{font-size: 50px !important;}}@media (max-width: 799px){#dfd-animated-text-69eb6673d8eb7.dfd-animated-text-wrap .dfd-animated-text-block span.dfd-anim-prefix, #dfd-animated-text-69eb6673d8eb7.dfd-animated-text-wrap .dfd-animated-text-block span.dfd-anim-postfix{font-size: 50px !important;}}<\/style>\")\r\n\t\t\t\t\t\t\t\t\t})(jQuery);\r\n\t\t\t\t\t\t\t\t<\/script><\/div>\n\t<div class=\"wpb_text_column wpb_content_element\" >\n\t\t<div class=\"wpb_wrapper\">\n\t\t\t<h6 style=\"text-align: center;\">\u201cWenn der Ozean stirbt, stirbt die Menschheit\u201d<\/h6>\n<p style=\"text-align: center;\">Captain Paul Watson, Gr\u00fcnder von One Wave<\/p>\n\n\t\t<\/div> \n\t<\/div> \n\t\t<\/div> \n\t<\/div> \n<\/div><div class=\"dfd-row-bg-wrap dfd-row-bg-anim-colors\" id=\"DfdAnimatedBG69eb6673d95d4\"><\/div><script type=\"text\/javascript\">\r\n\t\t\t\t\t(function($) {\r\n\t\t\t\t\t\t$(\"head\").append(\"<style>#DfdAnimatedBG69eb6673d95d4{background: #ffffff;-webkit-animation: DfdAnimatedBG69eb6673d95d4 3s linear infinite;-moz-animation: DfdAnimatedBG69eb6673d95d4 3s linear infinite;-ms-animation: DfdAnimatedBG69eb6673d95d4 3s linear infinite;-o-animation: DfdAnimatedBG69eb6673d95d4 3s linear infinite;animation: DfdAnimatedBG69eb6673d95d4 3s linear infinite;}@-webkit-keyframes DfdAnimatedBG69eb6673d95d4 {0% { background: #ffffff}}@-moz-keyframes DfdAnimatedBG69eb6673d95d4 {0% { background: #ffffff}}@-ms-keyframes DfdAnimatedBG69eb6673d95d4 {0% { background: #ffffff}}@-o-keyframes DfdAnimatedBG69eb6673d95d4 {0% { background: #ffffff}}@keyframes DfdAnimatedBG69eb6673d95d4 {0% { background: #ffffff}}<\/style>\");\r\n\t\t\t\t\t})(jQuery);\r\n\t\t\t\t<\/script><script type=\"text\/javascript\">(function($) {$(\"head\").append(\"<style>#DfdAnimatedBG69eb6673d95d4{background: #ffffff;-webkit-animation: DfdAnimatedBG69eb6673d95d4 3s linear infinite;-moz-animation: DfdAnimatedBG69eb6673d95d4 3s linear infinite;-ms-animation: DfdAnimatedBG69eb6673d95d4 3s linear infinite;-o-animation: DfdAnimatedBG69eb6673d95d4 3s linear infinite;animation: DfdAnimatedBG69eb6673d95d4 3s linear infinite;}@-webkit-keyframes DfdAnimatedBG69eb6673d95d4 {0% { background: #ffffff}}@-moz-keyframes DfdAnimatedBG69eb6673d95d4 {0% { background: #ffffff}}@-ms-keyframes DfdAnimatedBG69eb6673d95d4 {0% { background: #ffffff}}@-o-keyframes DfdAnimatedBG69eb6673d95d4 {0% { background: #ffffff}}@keyframes DfdAnimatedBG69eb6673d95d4 {0% { background: #ffffff}}<\/style>\");})(jQuery);<\/script><\/div><div  class=\"vc_row vc-row-wrapper dfd-background-dark vc_custom_1756363414246\" data-parallax_sense=\"30\"><div class=\"wpb_row row\" >\n\t<div class=\"four columns vc-column-extra-class-69eb6673d9aa0\" data-parallax_sense=\"30\">\n\t\t<div class=\"wpb_wrapper\">\n\t\t\t\r\n\t<div class=\"wpb_single_image wpb_content_element vc_align_left\" >\r\n\t\t<div class=\"wpb_wrapper\">\r\n\t\t\t\r\n\t\t\t<div class=\"vc_single_image-wrapper   vc_box_border_grey\" ><img loading=\"lazy\" decoding=\"async\" width=\"1000\" height=\"563\" src=\"https:\/\/doderer.at\/wp-content\/uploads\/2025\/08\/ozean_02-1.jpg\" class=\"vc_single_image-img attachment-full\" alt=\"\" title=\"Ozean\" srcset=\"https:\/\/doderer.at\/wp-content\/uploads\/2025\/08\/ozean_02-1.jpg 1000w, https:\/\/doderer.at\/wp-content\/uploads\/2025\/08\/ozean_02-1-300x169.jpg 300w, https:\/\/doderer.at\/wp-content\/uploads\/2025\/08\/ozean_02-1-768x432.jpg 768w, https:\/\/doderer.at\/wp-content\/uploads\/2025\/08\/ozean_02-1-18x10.jpg 18w\" sizes=\"auto, (max-width: 1000px) 100vw, 1000px\" \/><\/div>\r\n\t\t\t\r\n\t\t<\/div>\r\n\t<\/div>\r\n\r\n\t<div class=\"wpb_single_image wpb_content_element vc_align_left  vc_custom_1762252559166\" >\r\n\t\t<div class=\"wpb_wrapper\">\r\n\t\t\t\r\n\t\t\t<div class=\"vc_single_image-wrapper   vc_box_border_grey\" ><a href=\"https:\/\/doderer.at\/downloads\/Project-One-Wave-Summit.pdf\" target=\"_blank\"><img loading=\"lazy\" decoding=\"async\" width=\"1000\" height=\"559\" src=\"https:\/\/doderer.at\/wp-content\/uploads\/2025\/11\/onewave.jpg\" class=\"vc_single_image-img attachment-full\" alt=\"\" title=\"onewave\" srcset=\"https:\/\/doderer.at\/wp-content\/uploads\/2025\/11\/onewave.jpg 1000w, https:\/\/doderer.at\/wp-content\/uploads\/2025\/11\/onewave-300x168.jpg 300w, https:\/\/doderer.at\/wp-content\/uploads\/2025\/11\/onewave-768x429.jpg 768w, https:\/\/doderer.at\/wp-content\/uploads\/2025\/11\/onewave-18x10.jpg 18w\" sizes=\"auto, (max-width: 1000px) 100vw, 1000px\" \/><\/a><\/div>\r\n\t\t\t\r\n\t\t<\/div>\r\n\t<\/div>\r\n\n\t\t<\/div> \n\t<\/div> \n\n\t<div class=\"eight columns vc-column-extra-class-69eb6673da384\" data-parallax_sense=\"30\">\n\t\t<div class=\"wpb_wrapper\">\n\t\t\t\n\t<div class=\"wpb_text_column wpb_content_element  vc_custom_1756364146357\" >\n\t\t<div class=\"wpb_wrapper\">\n\t\t\t<h6>Ozean<\/h6>\n\n\t\t<\/div> \n\t<\/div> \n\t<div class=\"wpb_text_column wpb_content_element\" >\n\t\t<div class=\"wpb_wrapper\">\n\t\t\t<h5>ist ein etwa 20-min\u00fctiges Werk fu\u0308r Chor, Orchester und live Elektronik. 10 % der Einnahmen aus diesem mit spha\u0308rischen Kla\u0308ngen und Texten aus dem Requiem komponierten Chorwerk, werden an One Wave, und damit der gezielten Entfernung von Plastikm\u00fcll aus den Meeren, gespendet.<\/h5>\n\n\t\t<\/div> \n\t<\/div> \n\t<div class=\"wpb_text_column wpb_content_element  vc_custom_1762252566795\" >\n\t\t<div class=\"wpb_wrapper\">\n\t\t\t<h5>Der Musikfilm OZEAN, von Sebastian Kubelka und Patrick Doderer nach Musik von Johanna Doderer wird im am High-Impact Summit 2025 in Glasgow gezeigt.<br \/>\n<a href=\"https:\/\/doderer.at\/downloads\/Project-One-Wave-Summit.pdf\" target=\"_blank\" rel=\"noopener\">&gt;&gt;lesen Sie mehr<\/a><\/h5>\n\n\t\t<\/div> \n\t<\/div> \n\t\t<\/div> \n\t<\/div> \n<\/div><div class=\"dfd-row-bg-wrapper-cover\"><div class=\"dfd-row-bg-wrap dfd-row-bg-image dfd_simple_image dfd-bg-lazy-load\" id=\"dfd-image-bg-69eb6673dab69\"  data-bg-img=\"https:\/\/doderer.at\/wp-content\/uploads\/2025\/08\/bg.jpg\" data-mobile_enable=\"1\"><\/div><\/div><script type=\"text\/javascript\">(function($) {$(\"head\").append(\"<style>#dfd-image-bg-69eb6673dab69 {background-repeat: no-repeat;background-size: cover;background-attachment: fixed;}<\/style>\");})(jQuery);<\/script><\/div><div  class=\"vc_row vc-row-wrapper dfd-background-dark vc_custom_1756449613497\" data-parallax_sense=\"30\"><div class=\"wpb_row row\" >\n\t<div class=\"four columns vc-column-extra-class-69eb6673db11c\" data-parallax_sense=\"30\">\n\t\t<div class=\"wpb_wrapper\">\n\t\t\t\r\n\t<div class=\"wpb_single_image wpb_content_element vc_align_left\" >\r\n\t\t<div class=\"wpb_wrapper\">\r\n\t\t\t\r\n\t\t\t<div class=\"vc_single_image-wrapper   vc_box_border_grey\" ><img loading=\"lazy\" decoding=\"async\" width=\"1600\" height=\"1067\" src=\"https:\/\/doderer.at\/wp-content\/uploads\/2025\/08\/NCD_@Susanne_Diesner.jpg\" class=\"vc_single_image-img attachment-full\" alt=\"\" title=\"Red and Blue \u00a9Susanne_Diesner\" srcset=\"https:\/\/doderer.at\/wp-content\/uploads\/2025\/08\/NCD_@Susanne_Diesner.jpg 1600w, https:\/\/doderer.at\/wp-content\/uploads\/2025\/08\/NCD_@Susanne_Diesner-300x200.jpg 300w, https:\/\/doderer.at\/wp-content\/uploads\/2025\/08\/NCD_@Susanne_Diesner-1024x683.jpg 1024w, https:\/\/doderer.at\/wp-content\/uploads\/2025\/08\/NCD_@Susanne_Diesner-768x512.jpg 768w, https:\/\/doderer.at\/wp-content\/uploads\/2025\/08\/NCD_@Susanne_Diesner-1536x1024.jpg 1536w, https:\/\/doderer.at\/wp-content\/uploads\/2025\/08\/NCD_@Susanne_Diesner-18x12.jpg 18w\" sizes=\"auto, (max-width: 1600px) 100vw, 1600px\" \/><\/div>\r\n\t\t\t\r\n\t\t<\/div>\r\n\t<\/div>\r\n\n\t\t<\/div> \n\t<\/div> \n\n\t<div class=\"eight columns vc-column-extra-class-69eb6673db6ef\" data-parallax_sense=\"30\">\n\t\t<div class=\"wpb_wrapper\">\n\t\t\t\n\t<div class=\"wpb_text_column wpb_content_element  vc_custom_1756364174726\" >\n\t\t<div class=\"wpb_wrapper\">\n\t\t\t<h6>Red and Blue<\/h6>\n\n\t\t<\/div> \n\t<\/div> \n\t<div class=\"wpb_text_column wpb_content_element\" >\n\t\t<div class=\"wpb_wrapper\">\n\t\t\t<h5>Die Geigerin Julia Smirnova (red) und der Cellist Konstanin Manaev (blue) bilden das Herz f\u00fcr die Komposition \u201ered and blue\u201c<\/h5>\n<h5>Das Doppelkonzert f\u00fcr Violine, Cello und Instrumentalensemble ist ganz auf das Wechselspiel der beiden Musiker zugeschnitten und kann in unterschiedlichsten Fassungen gespielt werden. Solistisch bis zum Doppelkonzert mit gro\u00dfem Orchester.<\/h5>\n<h5>Die Einnahmen aus \u201ered and blue\u201c werden 10 %\u00a0 an das One Wave Projekt gespendet.<\/h5>\n<h5>\u201cForschungsprojekte an der Nordk\u00fcste Schottlands konnten zeigen, dass V\u00f6gel blaues Plastik fressen, in der Annahme das seien Fische. Schildkr\u00f6ten\u00a0 und\u00a0 Fische fressen rotes Plastik, da fleischfarben. Somit \u00a0verhungern und verenden j\u00e4hrlich abertausende von Meeresbewohnern. Ein erster Schritt w\u00e4re, rotes und blaues Plastik zu verbieten. \u201cOne Wave\u201d koordiniert zahlreiche Organisationen, die sich f\u00fcr saubere, plastikfreie Meere einsetzten. In Verbindung mit Politik, Medien und Industrie wird nach L\u00f6sungen gesucht Plastik zu vermeiden und Plastikabfall sinnvoll einer Wiederverwertung zuzuf\u00fchren.<\/h5>\n\n\t\t<\/div> \n\t<\/div> \n\t\t<\/div> \n\t<\/div> \n<\/div><div class=\"dfd-row-bg-wrapper-cover\"><div class=\"dfd-row-bg-wrap dfd-row-bg-image dfd_simple_image dfd-bg-lazy-load\" id=\"dfd-image-bg-69eb6673dbafa\"  data-bg-img=\"https:\/\/doderer.at\/wp-content\/uploads\/2025\/08\/bg.jpg\" data-mobile_enable=\"1\"><\/div><\/div><script type=\"text\/javascript\">(function($) {$(\"head\").append(\"<style>#dfd-image-bg-69eb6673dbafa {background-repeat: no-repeat;background-size: cover;background-attachment: fixed;}<\/style>\");})(jQuery);<\/script><\/div><div  class=\"vc_row vc-row-wrapper dfd-background-dark vc_custom_1756449624460\" data-parallax_sense=\"30\"><div class=\"wpb_row row\" >\n\t<div class=\"four columns vc-column-extra-class-69eb6673dbf9a\" data-parallax_sense=\"30\">\n\t\t<div class=\"wpb_wrapper\">\n\t\t\t\r\n\t<div class=\"wpb_single_image wpb_content_element vc_align_left\" >\r\n\t\t<div class=\"wpb_wrapper\">\r\n\t\t\t\r\n\t\t\t<div class=\"vc_single_image-wrapper   vc_box_border_grey\" ><img loading=\"lazy\" decoding=\"async\" width=\"1600\" height=\"986\" src=\"https:\/\/doderer.at\/wp-content\/uploads\/2025\/08\/WhatsApp-Image-2025-05-26-at-12.12.391.jpeg\" class=\"vc_single_image-img attachment-full\" alt=\"\" title=\"Wo ist die Schmida? \u00a9Josef Leitner\" srcset=\"https:\/\/doderer.at\/wp-content\/uploads\/2025\/08\/WhatsApp-Image-2025-05-26-at-12.12.391.jpeg 1600w, https:\/\/doderer.at\/wp-content\/uploads\/2025\/08\/WhatsApp-Image-2025-05-26-at-12.12.391-300x185.jpeg 300w, https:\/\/doderer.at\/wp-content\/uploads\/2025\/08\/WhatsApp-Image-2025-05-26-at-12.12.391-1024x631.jpeg 1024w, https:\/\/doderer.at\/wp-content\/uploads\/2025\/08\/WhatsApp-Image-2025-05-26-at-12.12.391-768x473.jpeg 768w, https:\/\/doderer.at\/wp-content\/uploads\/2025\/08\/WhatsApp-Image-2025-05-26-at-12.12.391-1536x947.jpeg 1536w, https:\/\/doderer.at\/wp-content\/uploads\/2025\/08\/WhatsApp-Image-2025-05-26-at-12.12.391-18x12.jpeg 18w\" sizes=\"auto, (max-width: 1600px) 100vw, 1600px\" \/><\/div>\r\n\t\t\t\r\n\t\t<\/div>\r\n\t<\/div>\r\n\n\t\t<\/div> <script type=\"text\/javascript\">(function($) {$(\"head\").append(\"<style>@media (max-width: 799px){.columns.vc-column-extra-class-69eb6673dbf9a{padding-top: 100px !important;}}<\/style>\");})(jQuery);<\/script>\n\t<\/div> \n\n\t<div class=\"eight columns vc-column-extra-class-69eb6673dc568\" data-parallax_sense=\"30\">\n\t\t<div class=\"wpb_wrapper\">\n\t\t\t\n\t<div class=\"wpb_text_column wpb_content_element  vc_custom_1756364194227\" >\n\t\t<div class=\"wpb_wrapper\">\n\t\t\t<h6>Das flie\u00dfende Projekt<\/h6>\n\n\t\t<\/div> \n\t<\/div> \n\t<div class=\"wpb_text_column wpb_content_element\" >\n\t\t<div class=\"wpb_wrapper\">\n\t\t\t<h5>Das Schmidatal, eines der weitl\u00e4ufigsten und T\u00e4ler, welches ausserdem und vor allem noch so gut wie keiner Baus\u00fcnde zum Opfer gefallen ist, dem schreibe ich eine Liebeserkl\u00e4rung. Namensgeberin ist ein Fluss, die Schmida, welche zu einem unscheinbaren Rinnsal reguliert durch das Schmidatal \u201eschleicht\u201c.<\/h5>\n<h5>Fremde Menschen die ins Schmidatal kommen, stellen\u00a0\u00a0 irgendwann immer die selbe Frage:<\/h5>\n<h5>Wo ist die Schmida?<\/h5>\n<h5>Auch die Schmida war einmal ein Fluss mit Bachbett, M\u00e4andern, Insekten, verschiedene Tiere, Totholz welchen angesschwemmt wurde, Sumpf und kleine Buchten. Dort floss sie schneller, dort floss sie langsamer, dort war sie aufgestaut.Nur der Bieber haltet fest an seiner Besch\u00e4ftigung und dem scheinbaren Glauben dass die Schmida doch noch so ein lebendiger Fluss ist. Die Schmida ist heute ein Rinnsaal. Brav und harmlos. Doch war sie das immer schon?<\/h5>\n<h5>Diesem Fluss widme ich ein Werk f\u00fcr Harfe, Violine und Piccolo.<\/h5>\n<h5>Der Unscheinbarkeit der Schmida m\u00f6chte ich mit einer Musik und einer Veranstaltung \u201eWo ist die Schmida?\u201c entgegentreten. Neben dem Konzert wird es im Rahmen der Veranstaltung eine Lesung, eine Fotoausstellung und eine M\u00e4rchenerz\u00e4hlung zur Schmida\u00a0 geben.<\/h5>\n<h5>Das Projekt ist in Planung: 17., 18. und 19. Juli 2026<br \/>\nA-3714 Frauendorf an der Schmida \/ o\u0308stl. Weinviertel<br \/>\nim Rahmen vom Viertel Festival Niedero\u0308sterreich<\/h5>\n\n\t\t<\/div> \n\t<\/div> \n\t\t<\/div> \n\t<\/div> \n<\/div><div class=\"dfd-row-bg-wrapper-cover\"><div class=\"dfd-row-bg-wrap dfd-row-bg-image dfd_simple_image dfd-bg-lazy-load\" id=\"dfd-image-bg-69eb6673dc94e\"  data-bg-img=\"https:\/\/doderer.at\/wp-content\/uploads\/2025\/08\/bg.jpg\" data-mobile_enable=\"1\"><\/div><\/div><script type=\"text\/javascript\">(function($) {$(\"head\").append(\"<style>#dfd-image-bg-69eb6673dc94e {background-repeat: no-repeat;background-size: cover;background-attachment: fixed;}<\/style>\");})(jQuery);<\/script><\/div><div  class=\"vc_row vc-row-wrapper dfd-background-dark vc_custom_1756449632199\" data-parallax_sense=\"30\"><div class=\"wpb_row row\" >\n\t<div class=\"four columns vc-column-extra-class-69eb6673dcdf9\" data-parallax_sense=\"30\">\n\t\t<div class=\"wpb_wrapper\">\n\t\t\t\r\n\t<div class=\"wpb_single_image wpb_content_element vc_align_left\" >\r\n\t\t<div class=\"wpb_wrapper\">\r\n\t\t\t\r\n\t\t\t<div class=\"vc_single_image-wrapper   vc_box_border_grey\" ><img loading=\"lazy\" decoding=\"async\" width=\"1600\" height=\"1064\" src=\"https:\/\/doderer.at\/wp-content\/uploads\/2025\/08\/WhatsApp-Image-2025-08-28-at-14.01.40.jpeg\" class=\"vc_single_image-img attachment-full\" alt=\"\" title=\"See(le)nKl\u00e4nge\" srcset=\"https:\/\/doderer.at\/wp-content\/uploads\/2025\/08\/WhatsApp-Image-2025-08-28-at-14.01.40.jpeg 1600w, https:\/\/doderer.at\/wp-content\/uploads\/2025\/08\/WhatsApp-Image-2025-08-28-at-14.01.40-300x200.jpeg 300w, https:\/\/doderer.at\/wp-content\/uploads\/2025\/08\/WhatsApp-Image-2025-08-28-at-14.01.40-1024x681.jpeg 1024w, https:\/\/doderer.at\/wp-content\/uploads\/2025\/08\/WhatsApp-Image-2025-08-28-at-14.01.40-768x511.jpeg 768w, https:\/\/doderer.at\/wp-content\/uploads\/2025\/08\/WhatsApp-Image-2025-08-28-at-14.01.40-1536x1021.jpeg 1536w, https:\/\/doderer.at\/wp-content\/uploads\/2025\/08\/WhatsApp-Image-2025-08-28-at-14.01.40-18x12.jpeg 18w\" sizes=\"auto, (max-width: 1600px) 100vw, 1600px\" \/><\/div>\r\n\t\t\t\r\n\t\t<\/div>\r\n\t<\/div>\r\n\n\t\t<\/div> \n\t<\/div> \n\n\t<div class=\"eight columns vc-column-extra-class-69eb6673dd3a6\" data-parallax_sense=\"30\">\n\t\t<div class=\"wpb_wrapper\">\n\t\t\t\n\t<div class=\"wpb_text_column wpb_content_element  vc_custom_1756364185845\" >\n\t\t<div class=\"wpb_wrapper\">\n\t\t\t<h6>See(le)nKl\u00e4nge<\/h6>\n\n\t\t<\/div> \n\t<\/div> \n\t<div class=\"wpb_text_column wpb_content_element\" >\n\t\t<div class=\"wpb_wrapper\">\n\t\t\t<h5>Mondsee, Mattsee, Achensee, Fuschlsee, Millst\u00e4tter See, Hinterer Langsee im Silbertal ( in Arbeit), Obersee ( bei Lunz am See, in Arbeit) wurden von mir vertont und es hat sich daraus sukzessive ein Seenprojekt entwickelt. Derzeit entsteht eine CD Produktion auf der alle Seenkompositonen eingespielt werden. Die Werke sind u. a. im Musikverlag Doblinger verlegt und haben im int. Konzertprogrammen einen fixen Platz.<\/h5>\n\n\t\t<\/div> \n\t<\/div> \n\t\t<\/div> \n\t<\/div> \n<\/div><div class=\"dfd-row-bg-wrapper-cover\"><div class=\"dfd-row-bg-wrap dfd-row-bg-image dfd_simple_image dfd-bg-lazy-load\" id=\"dfd-image-bg-69eb6673dd830\"  data-bg-img=\"https:\/\/doderer.at\/wp-content\/uploads\/2025\/08\/bg.jpg\" data-mobile_enable=\"1\"><\/div><\/div><script type=\"text\/javascript\">(function($) {$(\"head\").append(\"<style>#dfd-image-bg-69eb6673dd830 {background-repeat: no-repeat;background-size: cover;background-attachment: fixed;}<\/style>\");})(jQuery);<\/script><\/div><div  class=\"vc_row vc-row-wrapper\" data-parallax_sense=\"30\"><div class=\"wpb_row row\" >\n\t<div class=\"twelve dfd_vc_hidden-lg dfd_vc_hidden-md dfd_vc_hidden-sm dfd_vc_hidden-xs columns vc-column-extra-class-69eb6673dde21\" data-parallax_sense=\"30\">\n\t\t<div class=\"wpb_wrapper\">\n\t\t\t\n\t<div class=\"wpb_raw_code wpb_content_element wpb_raw_html\" >\n\t\t<div class=\"wpb_wrapper\">\n\t\t\t <audio  autoplay>\n    <source src=\"https:\/\/doderer.at\/audio\/ozean_signation2.mp3\" type=\"audio\/mpeg\">\n\n<\/audio> \n\t\t<\/div>\n\t<\/div>\n\n\t\t<\/div> \n\t<\/div> \n<\/div><div class=\"dfd-row-bg-overlay\" style=\"opacity: 0.8;\"><\/div><\/div>\n<\/div>","protected":false},"excerpt":{"rendered":"WillkommenWelcomeBienvenueBenvenutoV\u00edtejteKhosh amadid \u201cWenn der Ozean stirbt, stirbt die Menschheit\u201d Captain Paul Watson, Gr\u00fcnder von One Wave Ozean ist ein etwa 20-min\u00fctiges Werk fu\u0308r Chor, Orchester und live Elektronik. 10 %","protected":false},"author":3,"featured_media":0,"parent":0,"menu_order":0,"comment_status":"closed","ping_status":"closed","template":"page-custom.php","meta":{"footnotes":""},"class_list":["post-5421","page","type-page","status-publish","hentry"],"_links":{"self":[{"href":"https:\/\/doderer.at\/en\/wp-json\/wp\/v2\/pages\/5421","targetHints":{"allow":["GET"]}}],"collection":[{"href":"https:\/\/doderer.at\/en\/wp-json\/wp\/v2\/pages"}],"about":[{"href":"https:\/\/doderer.at\/en\/wp-json\/wp\/v2\/types\/page"}],"author":[{"embeddable":true,"href":"https:\/\/doderer.at\/en\/wp-json\/wp\/v2\/users\/3"}],"replies":[{"embeddable":true,"href":"https:\/\/doderer.at\/en\/wp-json\/wp\/v2\/comments?post=5421"}],"version-history":[{"count":55,"href":"https:\/\/doderer.at\/en\/wp-json\/wp\/v2\/pages\/5421\/revisions"}],"predecessor-version":[{"id":5678,"href":"https:\/\/doderer.at\/en\/wp-json\/wp\/v2\/pages\/5421\/revisions\/5678"}],"wp:attachment":[{"href":"https:\/\/doderer.at\/en\/wp-json\/wp\/v2\/media?parent=5421"}],"curies":[{"name":"wp","href":"https:\/\/api.w.org\/{rel}","templated":true}]}}